{"id":1256,"date":"2017-06-19T05:41:37","date_gmt":"2017-06-19T05:41:37","guid":{"rendered":"http:\/\/batelada.com\/index.php\/home\/"},"modified":"2022-05-27T20:20:15","modified_gmt":"2022-05-27T23:20:15","slug":"home","status":"publish","type":"page","link":"https:\/\/batelada.com\/","title":{"rendered":"Home"},"content":{"rendered":"<h4>O reposit\u00f3rio do Grupo Sobrevento<\/h4>\n<h1>Batelada<\/h1>\n<p>Batelada \u00e9 um reposit\u00f3rio dos ricos acervos do Sobrevento: Biblioteca de Teatro de Anima\u00e7\u00e3o, documentos, bonecos, figurinos, m\u00fasicas, espet\u00e1culos, textos, publica\u00e7\u00f5es&#8230; uma batelada de coisas.&nbsp;Passo a passo, aos pouquinhos, o Sobrevento pretende registrar e divulgar o que o Sobrevento reuniu, estudou, conheceu e fez, em mais de 35 anos de Teatro.&nbsp;.Vislumbra, a partir desses bancos de dados, realizar diferentes exposi\u00e7\u00f5es e publica\u00e7\u00f5es, e constituir um lugar onde pesquisadores e amantes do Teatro possam encontar algum apoio ou est\u00edmulo para as suas buscas e sonhos.<\/p>\n<p><a role=\"button\" href=\"#\"><br \/>\nConhe\u00e7a este reposit\u00f3rio do Sobrevento<\/a><\/p>\n<p><a role=\"button\" href=\"#\"><br \/>\n<\/a><a role=\"button\" href=\"#\"><\/a><a role=\"button\" href=\"#\" data-wplink-edit=\"true\">Conhe\u00e7a a hist\u00f3ria do Sobrevento<\/a><\/p>\n<p>O reposit\u00f3rio do Grupo Sobrevento<\/p>\n<h2>Esta ser\u00e1 uma nova casa do Sobrevento<\/h2>\n<p>A reuni\u00e3o de todos os acervos catalogados pelo Sobrevento estar\u00e1 aqui.<\/p>\n<figure><img decoding=\"async\" src=\"https:\/\/batelada.com\/wp-content\/uploads\/2020\/06\/design-service.svg\" alt=\"\"><\/figure>\n<h4>Biblioteca<\/h4>\n<p>O Sobrevento re\u00fane uma Biblioteca especializada em Teatro de Anima\u00e7\u00e3o. Aberta (e gratuita) para consultas e visitas de pesquisadores especializados.<\/p>\n<figure><img decoding=\"async\" src=\"https:\/\/batelada.com\/wp-content\/uploads\/2020\/06\/development-service.svg\" alt=\"\"><\/figure>\n<h4>Figurinos<\/h4>\n<p>O Sobrevento reuniu uma grande quantidade de figurinos em mais de 35 anos de Teatro. Eles falam das buscas est\u00e9ticas e as parcerias art\u00edstica do Sobrevento.<\/p>\n<figure><img decoding=\"async\" src=\"https:\/\/batelada.com\/wp-content\/uploads\/2020\/06\/digital-marketing-service.svg\" alt=\"\"><\/figure>\n<h4>Bonecos<\/h4>\n<p>O Sobrevento tem um acervo de bonecos pr\u00f3prios e reunidos para as suas pesquisas e em encontros com artistas de todo o mundo.<\/p>\n<figure><img decoding=\"async\" src=\"https:\/\/batelada.com\/wp-content\/uploads\/2020\/06\/social-media-service.svg\" alt=\"\"><\/figure>\n<h4>M\u00fasicas<\/h4>\n<p>Todas as m\u00fasicas que o Sobrevento usou em seus espet\u00e1culos, criadas e executadas por compositores e m\u00fasicos extraorin\u00e1rios.<\/p>\n<figure><img decoding=\"async\" src=\"https:\/\/batelada.com\/wp-content\/uploads\/2020\/06\/ecommerce-service.svg\" alt=\"\"><\/figure>\n<h4>Fotografias<\/h4>\n<p>As fotos que contam a longa e rica trajet\u00f3ria do grupo.<\/p>\n<figure><img decoding=\"async\" src=\"https:\/\/batelada.com\/wp-content\/uploads\/2020\/06\/support-service.svg\" alt=\"\"><\/figure>\n<h4>V\u00eddeos<\/h4>\n<p>V\u00eddeos que o Sobrevento produziu e pesquisou &#8211; espet\u00e1culos, palestras, registros e aventuras art\u00edsticas.<\/p>\n<h2>Portfolio<\/h2>\n<p>Lorem ipsum dolor sit amet, consectetuer adipiscing elit. Suspendisse et justo. Praesent mattis commodo augue.\u200b<br \/>\n<img fetchpriority=\"high\" decoding=\"async\" src=\"https:\/\/batelada.com\/wp-content\/uploads\/2020\/06\/portfolio1-300x300.jpg\" sizes=\"(max-width: 300px) 100vw, 300px\" srcset=\"https:\/\/batelada.com\/wp-content\/uploads\/2020\/06\/portfolio1-300x300.jpg 300w, https:\/\/batelada.com\/wp-content\/uploads\/2020\/06\/portfolio1-150x150.jpg 150w, https:\/\/batelada.com\/wp-content\/uploads\/2020\/06\/portfolio1.jpg 625w\" alt=\"\" width=\"300\" height=\"300\"><br \/>\n<img decoding=\"async\" src=\"https:\/\/batelada.com\/wp-content\/uploads\/2020\/06\/portfolio2-300x300.jpg\" sizes=\"(max-width: 300px) 100vw, 300px\" srcset=\"https:\/\/batelada.com\/wp-content\/uploads\/2020\/06\/portfolio2-300x300.jpg 300w, https:\/\/batelada.com\/wp-content\/uploads\/2020\/06\/portfolio2-150x150.jpg 150w, https:\/\/batelada.com\/wp-content\/uploads\/2020\/06\/portfolio2.jpg 625w\" alt=\"\" width=\"300\" height=\"300\"><br \/>\n<img decoding=\"async\" src=\"https:\/\/batelada.com\/wp-content\/uploads\/2020\/06\/portfolio3-300x300.jpg\" sizes=\"(max-width: 300px) 100vw, 300px\" srcset=\"https:\/\/batelada.com\/wp-content\/uploads\/2020\/06\/portfolio3-300x300.jpg 300w, https:\/\/batelada.com\/wp-content\/uploads\/2020\/06\/portfolio3-150x150.jpg 150w, https:\/\/batelada.com\/wp-content\/uploads\/2020\/06\/portfolio3.jpg 625w\" alt=\"\" width=\"300\" height=\"300\"><br \/>\n<img loading=\"lazy\" decoding=\"async\" src=\"https:\/\/batelada.com\/wp-content\/uploads\/2020\/06\/portfolio4-1-300x300.jpg\" sizes=\"(max-width: 300px) 100vw, 300px\" srcset=\"https:\/\/batelada.com\/wp-content\/uploads\/2020\/06\/portfolio4-1-300x300.jpg 300w, https:\/\/batelada.com\/wp-content\/uploads\/2020\/06\/portfolio4-1-150x150.jpg 150w, https:\/\/batelada.com\/wp-content\/uploads\/2020\/06\/portfolio4-1.jpg 625w\" alt=\"\" width=\"300\" height=\"300\"><br \/>\n<a role=\"button\" href=\"#\"><br \/>\nExplore More<br \/>\n<\/a><\/p>\n<h2>Our Customers<\/h2>\n<p>Lorem ipsum dolor sit amet, consectetuer adipiscing elit. Suspendisse et justo. Praesent mattis commodo augue.\u200b<\/p>\n<h3>&#8220;Amazing Designs and Quality Work!&#8221;<\/h3>\n<p>Nam at congue diam. Etiam erat lectus, finibus eget commodo quis, tincidunt eget leo. Nullam quis vulputate orci, ac accumsan quam. Morbi fringilla congue libero, ac malesuada vulputate pharetra.<br \/>\n<img loading=\"lazy\" decoding=\"async\" src=\"https:\/\/batelada.com\/wp-content\/uploads\/2020\/08\/testimonial.jpg\" alt=\"\" width=\"60\" height=\"60\"><br \/>\nJohn Doe<br \/>\nCEO, Acme Inc.<\/p>\n<h2>Meet Our Leadership<\/h2>\n<p>Lorem ipsum dolor sit amet, consectetuer adipiscing elit. Suspendisse et justo. Praesent mattis commodo augue.\u200b<\/p>\n<figure><img loading=\"lazy\" decoding=\"async\" src=\"https:\/\/batelada.com\/wp-content\/uploads\/2020\/01\/team-1.jpg\" sizes=\"(max-width: 400px) 100vw, 400px\" srcset=\"https:\/\/batelada.com\/wp-content\/uploads\/2020\/01\/team-1.jpg 400w, https:\/\/batelada.com\/wp-content\/uploads\/2020\/01\/team-1-300x300.jpg 300w, https:\/\/batelada.com\/wp-content\/uploads\/2020\/01\/team-1-150x150.jpg 150w\" alt=\"\" width=\"400\" height=\"400\"><\/figure>\n<h4>Joanne Williams<\/h4>\n<p>Founder<\/p>\n<figure><img loading=\"lazy\" decoding=\"async\" src=\"https:\/\/batelada.com\/wp-content\/uploads\/2020\/01\/team-2.jpg\" sizes=\"(max-width: 400px) 100vw, 400px\" srcset=\"https:\/\/batelada.com\/wp-content\/uploads\/2020\/01\/team-2.jpg 400w, https:\/\/batelada.com\/wp-content\/uploads\/2020\/01\/team-2-300x300.jpg 300w, https:\/\/batelada.com\/wp-content\/uploads\/2020\/01\/team-2-150x150.jpg 150w\" alt=\"\" width=\"400\" height=\"400\"><\/figure>\n<h4>Fred Buster<\/h4>\n<p>Director OPS<\/p>\n<figure><img loading=\"lazy\" decoding=\"async\" src=\"https:\/\/batelada.com\/wp-content\/uploads\/2020\/01\/team-3.jpg\" sizes=\"(max-width: 400px) 100vw, 400px\" srcset=\"https:\/\/batelada.com\/wp-content\/uploads\/2020\/01\/team-3.jpg 400w, https:\/\/batelada.com\/wp-content\/uploads\/2020\/01\/team-3-300x300.jpg 300w, https:\/\/batelada.com\/wp-content\/uploads\/2020\/01\/team-3-150x150.jpg 150w\" alt=\"\" width=\"400\" height=\"400\"><\/figure>\n<h4>Lisa Hoffman\u200b<\/h4>\n<p>Director HR<\/p>\n","protected":false},"excerpt":{"rendered":"<p>O reposit\u00f3rio do Grupo Sobrevento Batelada Batelada \u00e9 um reposit\u00f3rio dos ricos acervos do Sobrevento: Biblioteca de Teatro de Anima\u00e7\u00e3o, documentos, bonecos, figurinos, m\u00fasicas, espet\u00e1culos, textos, publica\u00e7\u00f5es&#8230; uma batelada de coisas.&nbsp;Passo a passo, aos pouquinhos, o Sobrevento pretende registrar e divulgar o que o Sobrevento reuniu, estudou, conheceu e fez, em mais de 35 anos [&hellip;]<\/p>\n","protected":false},"author":0,"featured_media":0,"parent":0,"menu_order":0,"comment_status":"closed","ping_status":"open","template":"","meta":{"footnotes":""},"class_list":["post-1256","page","type-page","status-publish","hentry"],"_links":{"self":[{"href":"https:\/\/batelada.com\/index.php\/wp-json\/wp\/v2\/pages\/1256","targetHints":{"allow":["GET"]}}],"collection":[{"href":"https:\/\/batelada.com\/index.php\/wp-json\/wp\/v2\/pages"}],"about":[{"href":"https:\/\/batelada.com\/index.php\/wp-json\/wp\/v2\/types\/page"}],"replies":[{"embeddable":true,"href":"https:\/\/batelada.com\/index.php\/wp-json\/wp\/v2\/comments?post=1256"}],"version-history":[{"count":27,"href":"https:\/\/batelada.com\/index.php\/wp-json\/wp\/v2\/pages\/1256\/revisions"}],"predecessor-version":[{"id":341721,"href":"https:\/\/batelada.com\/index.php\/wp-json\/wp\/v2\/pages\/1256\/revisions\/341721"}],"wp:attachment":[{"href":"https:\/\/batelada.com\/index.php\/wp-json\/wp\/v2\/media?parent=1256"}],"curies":[{"name":"wp","href":"https:\/\/api.w.org\/{rel}","templated":true}]}}