{"id":19,"date":"2017-06-19T07:07:27","date_gmt":"2017-06-19T07:07:27","guid":{"rendered":"http:\/\/batelada.com\/index.php\/about\/"},"modified":"2021-05-20T03:50:40","modified_gmt":"2021-05-20T03:50:40","slug":"acervo-sobre","status":"publish","type":"page","link":"https:\/\/batelada.com\/index.php\/acervo-sobre\/","title":{"rendered":"Sobre"},"content":{"rendered":"\n<h1 class=\"has-text-align-center wp-block-heading\"><strong>Batelada<\/strong><\/h1>\n\n\n\n<h4 class=\"has-text-align-center wp-block-heading\"><strong>O reposit\u00f3rio do Grupo Sobrevento<\/strong><\/h4>\n\n\n\n<p><\/p>\n\n\n\n<p class=\"has-text-align-center has-medium-font-size\">Batelada \u00e9 um reposit\u00f3rio dos ricos acervos do Sobrevento: Biblioteca de Teatro de Anima\u00e7\u00e3o, documentos, bonecos, figurinos, m\u00fasicas, espet\u00e1culos, textos, publica\u00e7\u00f5es\u2026 uma batelada de coisas.\u00a0Passo a passo, aos pouquinhos, o Sobrevento pretende registrar e divulgar o que o Sobrevento reuniu, estudou, conheceu e fez, em mais de 35 anos de Teatro. Vislumbra, a partir desses bancos de dados, realizar diferentes exposi\u00e7\u00f5es e publica\u00e7\u00f5es e constituir um lugar onde pesquisadores e amantes do Teatro possam encontrar algum apoio ou est\u00edmulo para as suas buscas e sonhos.<br><br>A cataloga\u00e7\u00e3o de tantos itens foi feita ao longo de muitos, muitos anos. Teve um grande impulso com um Projeto patrocinado pelo Projeto Rumos, do Ita\u00fa Cultural, em 2016, e, agora, ganha novo impulso &#8211; durante a pandemia, no ano de 2021, com o Programa de A\u00e7\u00e3o Culturaldo Governo do Estado de S\u00e3o Paulo. Estendidos, atualizados, finalmente os acervos do Sobrevento ganham um espa\u00e7o virtual p\u00fablico para abrigar toda a informa\u00e7\u00e3o reunida, registrada, organizada e catalogada com tanto cuidado e dedica\u00e7\u00e3o.<\/p>\n\n\n\n<p class=\"has-text-align-center has-medium-font-size\">Conhe\u00e7a.<\/p>\n","protected":false},"excerpt":{"rendered":"<p>Batelada O reposit\u00f3rio do Grupo Sobrevento Batelada \u00e9 um reposit\u00f3rio dos ricos acervos do Sobrevento: Biblioteca de Teatro de Anima\u00e7\u00e3o, documentos, bonecos, figurinos, m\u00fasicas, espet\u00e1culos, textos, publica\u00e7\u00f5es\u2026 uma batelada de coisas.\u00a0Passo a passo, aos pouquinhos, o Sobrevento pretende registrar e divulgar o que o Sobrevento reuniu, estudou, conheceu e fez, em mais de 35 anos [&hellip;]<\/p>\n","protected":false},"author":1,"featured_media":14294,"parent":0,"menu_order":0,"comment_status":"closed","ping_status":"closed","template":"template-fullwidth.php","meta":{"footnotes":""},"class_list":["post-19","page","type-page","status-publish","has-post-thumbnail","hentry"],"_links":{"self":[{"href":"https:\/\/batelada.com\/index.php\/wp-json\/wp\/v2\/pages\/19","targetHints":{"allow":["GET"]}}],"collection":[{"href":"https:\/\/batelada.com\/index.php\/wp-json\/wp\/v2\/pages"}],"about":[{"href":"https:\/\/batelada.com\/index.php\/wp-json\/wp\/v2\/types\/page"}],"author":[{"embeddable":true,"href":"https:\/\/batelada.com\/index.php\/wp-json\/wp\/v2\/users\/1"}],"replies":[{"embeddable":true,"href":"https:\/\/batelada.com\/index.php\/wp-json\/wp\/v2\/comments?post=19"}],"version-history":[{"count":16,"href":"https:\/\/batelada.com\/index.php\/wp-json\/wp\/v2\/pages\/19\/revisions"}],"predecessor-version":[{"id":305224,"href":"https:\/\/batelada.com\/index.php\/wp-json\/wp\/v2\/pages\/19\/revisions\/305224"}],"wp:featuredmedia":[{"embeddable":true,"href":"https:\/\/batelada.com\/index.php\/wp-json\/wp\/v2\/media\/14294"}],"wp:attachment":[{"href":"https:\/\/batelada.com\/index.php\/wp-json\/wp\/v2\/media?parent=19"}],"curies":[{"name":"wp","href":"https:\/\/api.w.org\/{rel}","templated":true}]}}