{"id":304950,"date":"2021-05-17T17:33:44","date_gmt":"2021-05-17T17:33:44","guid":{"rendered":"https:\/\/batelada.com\/?page_id=304950"},"modified":"2021-05-31T22:29:30","modified_gmt":"2021-05-31T22:29:30","slug":"o-que-temos-aqui","status":"publish","type":"page","link":"https:\/\/batelada.com\/index.php\/o-que-temos-aqui\/","title":{"rendered":"O que temos aqui"},"content":{"rendered":"\n<p class=\"has-text-align-center has-large-font-size\">O que temos neste reposit\u00f3rio<\/p>\n\n\n\n<p class=\"has-text-align-center\">Os livros, peri\u00f3dicos, v\u00eddeos que comp\u00f5em a Biblioteca do Sobrevento foram utilizados nas muitas pesquisas que o Sobrevento realiza desde 1986: foram lidos, consultados, explorados. Nosso acervo concentra-se no Teatro de Anima\u00e7\u00e3o, mas logo nos demos conta de que uma extensa Biblioteca paralela havia-se criado ao lado da principal. Se estudamos Lorca, n\u00e3o podemos nos limitar aos documentos sobre o Teatro de Bonecos dele\u2026 assim nossos livros est\u00e3o catalogados como TB (Teatro de Bonecos), T (Teatro e eArtes C\u00eanicas) e O (Outros). A esses documentos juntaram juntaram-se livros doados por amigos, que lemos com muito gosto, e cole\u00e7\u00f5es inteiras de Teatro de Bonecos que passaram a ter a sua casa na Biblioteca Sobrevento. Todos os livros recebidos levam uma etiqueta de doa\u00e7\u00e3o: assim, \u00e9 poss\u00edvel localizar todo o acervo de um doador, todos os livros que formavam a biblioteca de um bonequeiro, por exemplo. Para n\u00f3s, os livros, o conhecimento, n\u00e3o podem ser pulverizados \u2013 \u00e9 como a mala de bonecos de um mamulengueiro: eles ganham um sentido e um futuro quando dentro de uma cole\u00e7\u00e3o. E algum dia essa biblioteca se juntar\u00e1 a outras, se reunir\u00e1 a outra: porque o Teatro \u2013 que \u00e9 o conte\u00fado desses documentos \u2013 \u00e9 para agregar e se agregar. Para reunir. Para nos reunirmos. E a vida dele \u00e9 p\u00fablica. O Teatro e o conhecimento t\u00eam que ser para os outros.<\/p>\n\n\n\n<p class=\"has-text-align-center\">Nossos bonecos n\u00e3o s\u00e3o objetos da vaidade de um colecionador, mas materiais que foram usados em estudos e que foram produzidos para nossas realiza\u00e7\u00f5es. Figurinos, m\u00fasicas, textos (e tamb\u00e9m os bonecos de nossos espet\u00e1culos) s\u00e3o os frutos desse intenso trabalho de pesquisa que explorou campos muito diversos no Teatro de Anima\u00e7\u00e3o, no Teatro de Objetos, no Teatro para Beb\u00eas, no Teatro para a Inf\u00e2ncia e Juventude, no Teatro Contempor\u00e2neo. esperamos que esse site seja uma casa para os amantes do Teatro de Anima\u00e7\u00e3o e para os que buscam conhecimento, inspira\u00e7\u00e3o, est\u00edmulo para mudar o mundo, \u00e0 medida em que mudam a si mesmos.<\/p>\n\n\n\n<div class=\"wp-block-tainacan-carousel-items-list\" selected-items=\"[&quot;311102&quot;,&quot;311066&quot;,&quot;311068&quot;,&quot;311070&quot;,&quot;311072&quot;,&quot;311074&quot;,&quot;311086&quot;,&quot;311084&quot;,&quot;311082&quot;,&quot;311080&quot;,&quot;311078&quot;,&quot;311076&quot;,&quot;311088&quot;,&quot;311090&quot;,&quot;311092&quot;,&quot;311094&quot;,&quot;311096&quot;,&quot;311098&quot;,&quot;311100&quot;]\" load-strategy=\"selection\" collection-id=\"310042\" auto-play=\"undefined\" loop-slides=\"undefined\" hide-title=\"undefined\" large-arrows=\"undefined\" crop-images-to-square=\"true\" show-collection-header=\"undefined\" show-collection-label=\"undefined\" collection-background-color=\"#454647\" collection-text-color=\"#ffffff\" max-items-per-screen=\"7\" tainacan-api-root=\"https:\/\/batelada.com\/index.php\/wp-json\/tainacan\/v2\" tainacan-base-url=\"https:\/\/batelada.com\/wp-content\/plugins\/tainacan\" id=\"wp-block-tainacan-carousel-items-list_b44288cf-83c1-47d1-93fc-92824c28f653\"><div><\/div><\/div>\n","protected":false},"excerpt":{"rendered":"<p>O que temos neste reposit\u00f3rio Os livros, peri\u00f3dicos, v\u00eddeos que comp\u00f5em a Biblioteca do Sobrevento foram utilizados nas muitas pesquisas que o Sobrevento realiza desde 1986: foram lidos, consultados, explorados. Nosso acervo concentra-se no Teatro de Anima\u00e7\u00e3o, mas logo nos demos conta de que uma extensa Biblioteca paralela havia-se criado ao lado da principal. Se [&hellip;]<\/p>\n","protected":false},"author":1,"featured_media":0,"parent":0,"menu_order":0,"comment_status":"closed","ping_status":"closed","template":"template-fullwidth.php","meta":{"footnotes":""},"class_list":["post-304950","page","type-page","status-publish","hentry"],"_links":{"self":[{"href":"https:\/\/batelada.com\/index.php\/wp-json\/wp\/v2\/pages\/304950","targetHints":{"allow":["GET"]}}],"collection":[{"href":"https:\/\/batelada.com\/index.php\/wp-json\/wp\/v2\/pages"}],"about":[{"href":"https:\/\/batelada.com\/index.php\/wp-json\/wp\/v2\/types\/page"}],"author":[{"embeddable":true,"href":"https:\/\/batelada.com\/index.php\/wp-json\/wp\/v2\/users\/1"}],"replies":[{"embeddable":true,"href":"https:\/\/batelada.com\/index.php\/wp-json\/wp\/v2\/comments?post=304950"}],"version-history":[{"count":6,"href":"https:\/\/batelada.com\/index.php\/wp-json\/wp\/v2\/pages\/304950\/revisions"}],"predecessor-version":[{"id":311105,"href":"https:\/\/batelada.com\/index.php\/wp-json\/wp\/v2\/pages\/304950\/revisions\/311105"}],"wp:attachment":[{"href":"https:\/\/batelada.com\/index.php\/wp-json\/wp\/v2\/media?parent=304950"}],"curies":[{"name":"wp","href":"https:\/\/api.w.org\/{rel}","templated":true}]}}