{"id":304952,"date":"2021-05-17T17:35:57","date_gmt":"2021-05-17T17:35:57","guid":{"rendered":"https:\/\/batelada.com\/?page_id=304952"},"modified":"2021-05-24T05:34:32","modified_gmt":"2021-05-24T05:34:32","slug":"como-fizemos","status":"publish","type":"page","link":"https:\/\/batelada.com\/index.php\/como-fizemos\/","title":{"rendered":"COMO FIZEMOS"},"content":{"rendered":"\n<p class=\"has-text-align-center has-large-font-size\">Como constru\u00edmos esse reposit\u00f3rio<\/p>\n\n\n\n<p class=\"has-text-align-center\">A cataloga\u00e7\u00e3o dos acervos do Sobrevento come\u00e7ou em 2009. Come\u00e7ou pelos livros, pelos v\u00eddeos, pensando no que nos disse a Alzira Andrade, do Sobrevento: &#8220;pode-se fazer muitas a\u00e7\u00f5es ou organizar as coisas. \u00c9 preciso encontrar um equil\u00edbrio entre as duas porque uma efetivamente depende da outra&#8221;. Mais adiante, vimos que outras pessoas precisavam das coisas que t\u00ednhamos e toda a biblioteca que reunimos foi disponibilizada publicamente. Mais tarde ainda, vimos que precisamos fazer registros do que faz\u00edamos. E depois vimos que os registros eram o mote para novas a\u00e7\u00f5es, at\u00e9 para nos entendermos, para nos reconhecermos e para reconhecermos afinidades com outros tantos companheiros (e nos aproximarmos deles). Olhar o que fizemos aponta um caminho para o nosso futuro.<br><br>Se em um primeiro momento nos valemos de programas de colecionadores, de bibliotecas; em um segundo momento  era preciso que nos dedic\u00e1ssemos a um registro mais aprofundado, detalhado e cuidadoso. O Projeto Rumos 2016, do Ita\u00fa Cultural, nos abriu as portas para um registro profundo e extenso de nossos acervos de recortes, material gr\u00e1fico (nosso e de terceiros), imagens, v\u00eddeos, figurinos, bonecos, caixas (como armazen\u00e1vamos o nosso acervo e repert\u00f3rio), m\u00fasicas, pe\u00e7as, artigos produzidos, al\u00e9m do avan\u00e7o no registro de livros, peri\u00f3dicos, institui\u00e7\u00f5es, eventos, grupos e cias. de Teatro de Anima\u00e7\u00e3o e o dossi\u00eas de todos os espet\u00e1culos que produzimos e projetos que realizamos. Uma tarefa gigantesca de que conseguimos, valentemente, ao cabo de dois anos, dar conta. Todo este material passou a estar registrado tanto no Sobrevento quanto no acervo do Ita\u00fa Cultural.<\/p>\n\n\n\n<p class=\"has-text-align-center\">Faltava, por\u00e9m, publicar o resutado desses trabalhos e a pandemia em 2020 nos fez propor ao Proac &#8211; Programa de A\u00e7\u00e3o Cultural do Estado de S\u00e3o Paulo -, em um momento em que n\u00e3o pod\u00edamos fazer espet\u00e1culos presenciais, a organiza\u00e7\u00e3o e publica\u00e7\u00e3o desse acervo, somado \u00e0 cataloga\u00e7\u00e3o da infind\u00e1vel produ\u00e7\u00e3o do Grupo e dos documentos que se unem \u00e0 Biblioteca. Aprovado, o Projeto &#8211; patrocinado pelo Governo do Estado de S\u00e3o Paulo, por meio da Secretaria de Cultura e Economia Criativa, e pelo Governo Federal, por meio da Secretaria do Turismo e Cultura &#8211;  deu uma casa virtual e p\u00fablica a esses acervos: este site. Ainda h\u00e1 muito o que fazer: bibliteca de pdfs, publica\u00e7\u00e3o dos acervos catalogados de imagens, m\u00fasicas, materiais gr\u00e1ficos, recortes&#8230; e muito mais. Uma tarefa sem fim. Mas que nos faz descobrir, a cada pequeno registro, a  cada pequena a\u00e7\u00e3o, mil e uma coisas. Nos faz refletir e avan\u00e7ar.<\/p>\n\n\n\n<div class=\"wp-block-tainacan-carousel-items-list\" selected-items=\"[&quot;310414&quot;,&quot;310414&quot;,&quot;310428&quot;,&quot;310420&quot;,&quot;310446&quot;,&quot;310448&quot;,&quot;310444&quot;,&quot;310442&quot;,&quot;310440&quot;,&quot;310436&quot;,&quot;310438&quot;,&quot;310434&quot;,&quot;310432&quot;,&quot;310430&quot;,&quot;310428&quot;,&quot;310424&quot;,&quot;310426&quot;,&quot;310422&quot;,&quot;310420&quot;,&quot;310418&quot;,&quot;310416&quot;,&quot;310414&quot;]\" load-strategy=\"selection\" collection-id=\"310042\" auto-play=\"undefined\" loop-slides=\"undefined\" hide-title=\"undefined\" large-arrows=\"undefined\" crop-images-to-square=\"true\" show-collection-header=\"undefined\" show-collection-label=\"undefined\" collection-background-color=\"#454647\" collection-text-color=\"#ffffff\" max-items-per-screen=\"7\" tainacan-api-root=\"https:\/\/batelada.com\/index.php\/wp-json\/tainacan\/v2\" tainacan-base-url=\"https:\/\/batelada.com\/wp-content\/plugins\/tainacan\" id=\"wp-block-tainacan-carousel-items-list_5ae44ccb-3d59-497d-97c3-67b97716fa0b\" style=\"font-size:10px\"><div><\/div><\/div>\n\n\n\n<p class=\"has-text-align-center has-small-font-size\"><em>Esse site foi constru\u00eddo a partir do <a href=\"https:\/\/wordpress.com\/\">WordPress<\/a> e do Plugin Tainacan. Os temas utilizados s\u00e3o Shop Isle e Tainacan.<\/em><br><em>Agradecemos \u00e0 equipe do <a href=\"https:\/\/www.museus.gov.br\/acessoainformacao\/acoes-e-programas\/projeto-tainacan\/\">Projeto Tainacan<\/a>, do IBRAM (Instituto Brasileiro de Museus), em especial ao Vin\u00edcius Nunes, por suas orienta\u00e7\u00f5es, solu\u00e7\u00f5es e corre\u00e7\u00f5es.<\/em><\/p>\n","protected":false},"excerpt":{"rendered":"<p>Como constru\u00edmos esse reposit\u00f3rio A cataloga\u00e7\u00e3o dos acervos do Sobrevento come\u00e7ou em 2009. Come\u00e7ou pelos livros, pelos v\u00eddeos, pensando no que nos disse a Alzira Andrade, do Sobrevento: &#8220;pode-se fazer muitas a\u00e7\u00f5es ou organizar as coisas. \u00c9 preciso encontrar um equil\u00edbrio entre as duas porque uma efetivamente depende da outra&#8221;. Mais adiante, vimos que outras [&hellip;]<\/p>\n","protected":false},"author":1,"featured_media":0,"parent":0,"menu_order":0,"comment_status":"closed","ping_status":"closed","template":"template-fullwidth.php","meta":{"footnotes":""},"class_list":["post-304952","page","type-page","status-publish","hentry"],"_links":{"self":[{"href":"https:\/\/batelada.com\/index.php\/wp-json\/wp\/v2\/pages\/304952","targetHints":{"allow":["GET"]}}],"collection":[{"href":"https:\/\/batelada.com\/index.php\/wp-json\/wp\/v2\/pages"}],"about":[{"href":"https:\/\/batelada.com\/index.php\/wp-json\/wp\/v2\/types\/page"}],"author":[{"embeddable":true,"href":"https:\/\/batelada.com\/index.php\/wp-json\/wp\/v2\/users\/1"}],"replies":[{"embeddable":true,"href":"https:\/\/batelada.com\/index.php\/wp-json\/wp\/v2\/comments?post=304952"}],"version-history":[{"count":15,"href":"https:\/\/batelada.com\/index.php\/wp-json\/wp\/v2\/pages\/304952\/revisions"}],"predecessor-version":[{"id":310458,"href":"https:\/\/batelada.com\/index.php\/wp-json\/wp\/v2\/pages\/304952\/revisions\/310458"}],"wp:attachment":[{"href":"https:\/\/batelada.com\/index.php\/wp-json\/wp\/v2\/media?parent=304952"}],"curies":[{"name":"wp","href":"https:\/\/api.w.org\/{rel}","templated":true}]}}