{"id":310478,"date":"2021-05-24T13:21:38","date_gmt":"2021-05-24T13:21:38","guid":{"rendered":"https:\/\/batelada.com\/?page_id=310478"},"modified":"2021-05-24T14:18:26","modified_gmt":"2021-05-24T14:18:26","slug":"biblioteca-sobrevento","status":"publish","type":"page","link":"https:\/\/batelada.com\/index.php\/biblioteca-sobrevento\/","title":{"rendered":"Biblioteca Sobrevento"},"content":{"rendered":"\n<p class=\"has-text-align-center has-medium-font-size\">Esta cole\u00e7\u00e3o re\u00fane livros e peri\u00f3dicos, reunidos em tr\u00eas n\u00facleos. O primeiro, especificamente de Teatro de Anima\u00e7\u00e3o (com identificador TB). O segundo, de Teatro (com o identificador T). O terceiro, de outros temas relacionados ao Teatro de Anima\u00e7\u00e3o e \u00e0s pesquisas c\u00eanicas do Grupo Sobrevento (com o identificador O).<\/p>\n\n\n\n<p class=\"has-text-align-center\">Clicando em uma imagem, vc descobre tudo sobre um item, nos m\u00ednimos detalhes.<br><a href=\"https:\/\/batelada.com\/index.php\/https:\/\/batelada.com\/index.php\/biblioteca-sobrevento-2\/\"><span class=\"has-inline-color has-vivid-red-color\">E voc\u00ea pode fazer buscas detalhadas em uma visualiza\u00e7\u00e3o em tabela ou formatos surpreendentes, clicando AQUI.<\/span><\/a><br>Um pouquinho de paci\u00eancia, por favor. P\u00e1gina carregando-se&#8230;<\/p>\n\n\n\n<div style=\"font-size:16px;--tainacan-base-font-size:16px;--tainacan-background-color:#ffffff;--tainacan-filter-menu-width-theme:20%;--tainacan-input-color:#1d1d1d;--tainacan-input-background-color:#ffffff;--tainacan-input-border-color:#dbdbdb;--tainacan-label-color:#454647;--tainacan-info-color:#555758;--tainacan-heading-color:#000000;--tainacan-skeleton-color:#eeeeee;--tainacan-item-background-color:#ffffff;--tainacan-item-hover-background-color:#f2f2f2;--tainacan-item-heading-hover-background-color:#dbdbdb;--tainacan-primary:#d9eced;--tainacan-secondary:#298596\" class=\"wp-block-tainacan-faceted-search\"><main collection-id=\"87758\" default-view-mode=\"books\" enabled-view-modes=\"books\" hide-filters=\"false\" hide-hide-filters-button=\"false\" hide-search=\"false\" hide-advanced-search=\"false\" hide-displayed-metadata-button=\"false\" hide-pagination-area=\"false\" hide-sorting-area=\"false\" hide-items-thumbnail=\"false\" hide-sort-by-button=\"false\" hide-exposers-button=\"false\" hide-items-per-page-button=\"false\" default-items-per-page=\"24\" hide-go-to-page-button=\"false\" show-filters-button-inside-search-control=\"false\" start-with-filters-hidden=\"false\" filters-as-modal=\"false\" show-inline-view-mode-options=\"false\" show-fullscreen-with-view-modes=\"false\" id=\"tainacan-items-page\"><\/main><\/div>\n","protected":false},"excerpt":{"rendered":"<p>Esta cole\u00e7\u00e3o re\u00fane livros e peri\u00f3dicos, reunidos em tr\u00eas n\u00facleos. O primeiro, especificamente de Teatro de Anima\u00e7\u00e3o (com identificador TB). O segundo, de Teatro (com o identificador T). O terceiro, de outros temas relacionados ao Teatro de Anima\u00e7\u00e3o e \u00e0s pesquisas c\u00eanicas do Grupo Sobrevento (com o identificador O). Clicando em uma imagem, vc descobre [&hellip;]<\/p>\n","protected":false},"author":1,"featured_media":0,"parent":0,"menu_order":0,"comment_status":"closed","ping_status":"closed","template":"template-fullwidth.php","meta":{"footnotes":""},"class_list":["post-310478","page","type-page","status-publish","hentry"],"_links":{"self":[{"href":"https:\/\/batelada.com\/index.php\/wp-json\/wp\/v2\/pages\/310478","targetHints":{"allow":["GET"]}}],"collection":[{"href":"https:\/\/batelada.com\/index.php\/wp-json\/wp\/v2\/pages"}],"about":[{"href":"https:\/\/batelada.com\/index.php\/wp-json\/wp\/v2\/types\/page"}],"author":[{"embeddable":true,"href":"https:\/\/batelada.com\/index.php\/wp-json\/wp\/v2\/users\/1"}],"replies":[{"embeddable":true,"href":"https:\/\/batelada.com\/index.php\/wp-json\/wp\/v2\/comments?post=310478"}],"version-history":[{"count":6,"href":"https:\/\/batelada.com\/index.php\/wp-json\/wp\/v2\/pages\/310478\/revisions"}],"predecessor-version":[{"id":310514,"href":"https:\/\/batelada.com\/index.php\/wp-json\/wp\/v2\/pages\/310478\/revisions\/310514"}],"wp:attachment":[{"href":"https:\/\/batelada.com\/index.php\/wp-json\/wp\/v2\/media?parent=310478"}],"curies":[{"name":"wp","href":"https:\/\/api.w.org\/{rel}","templated":true}]}}