{"id":311301,"date":"2021-06-02T22:27:31","date_gmt":"2021-06-02T22:27:31","guid":{"rendered":"https:\/\/batelada.com\/?page_id=311301"},"modified":"2021-06-04T18:38:16","modified_gmt":"2021-06-04T18:38:16","slug":"teatro-de-bonecos-popular-brasileiro","status":"publish","type":"page","link":"https:\/\/batelada.com\/index.php\/teatro-de-bonecos-popular-brasileiro\/","title":{"rendered":"Teatro de Bonecos Popular Brasileiro"},"content":{"rendered":"\n<p class=\"has-text-align-center has-medium-font-size\">O Teatro de Bonecos Popular e Tradicional Brasileiro nas Cole\u00e7\u00f5es do Sobrevento<\/p>\n\n\n\n<p class=\"has-text-align-center\">Esses s\u00e3o os itens catalogados nas cole\u00e7\u00f5es do Sobrevento. Outros incr\u00edveis se somar\u00e3o a eles. Tudo a seu tempo.<\/p>\n\n\n\n<p class=\"has-text-align-center has-small-font-size\">Clique em um item para descobrir mais detalhes sobre ele.<\/p>\n\n\n\n<p class=\"has-text-align-center has-large-font-size\">LIVROS<\/p>\n\n\n\n<div search-url=\"https:\/\/batelada.com\/wp-admin\/admin.php?page=tainacan_admin#\/collections\/87758\/items\/?readmode=true&amp;iframemode=true&amp;status=publish&amp;admin_view_mode=table&amp;perpage=96&amp;paged=1&amp;order=ASC&amp;orderby=date&amp;fetch_only=thumbnail%2Ccreation_date%2Cauthor_name&amp;fetch_only_meta=87763%2C87761%2C5528%2C5532&amp;metaquery%5B1%5D%5Bkey%5D=5528&amp;metaquery%5B1%5D%5Bcompare%5D=LIKE&amp;metaquery%5B1%5D%5BoriginalMeta%5D=5528-undefined-string&amp;metaquery%5B1%5D%5Bptype%5D=string&amp;metaquery%5B1%5D%5Bvalue%5D=popular&amp;metaquery%5B914%5D%5Bkey%5D=5528&amp;metaquery%5B914%5D%5Bcompare%5D=LIKE&amp;metaquery%5B914%5D%5BoriginalMeta%5D=5528-undefined-string&amp;metaquery%5B914%5D%5Bptype%5D=string&amp;metaquery%5B914%5D%5Bvalue%5D=brasileiro&amp;metaquery%5Brelation%5D=AND&amp;advancedSearch=true\" class=\"wp-block-tainacan-dynamic-items-list\" collection-id=\"87758\" show-image=\"true\" show-name=\"true\" show-search-bar=\"undefined\" show-collection-header=\"undefined\" show-collection-label=\"undefined\" crop-images-to-square=\"true\" layout=\"grid\" mosaic-density=\"5\" mosaic-item-focal-point-x=\"0.5\" mosaic-item-focal-point-y=\"0.5\" max-columns-count=\"4\" collection-background-color=\"#454647\" collection-text-color=\"#ffffff\" grid-margin=\"0\" max-items-number=\"96\" order=\"ASC\" tainacan-api-root=\"https:\/\/batelada.com\/index.php\/wp-json\/tainacan\/v2\" tainacan-base-url=\"https:\/\/batelada.com\/wp-content\/plugins\/tainacan\" id=\"wp-block-tainacan-dynamic-items-list_b8bd2f87-0f4e-4ce0-88c9-35683e523e66\"><div><\/div><\/div>\n\n\n\n<p class=\"has-text-align-center has-large-font-size\">BONECOS<\/p>\n\n\n\n<div search-url=\"https:\/\/batelada.com\/wp-admin\/admin.php?page=tainacan_admin#\/collections\/70931\/items\/?readmode=true&amp;iframemode=true&amp;status=publish&amp;admin_view_mode=table&amp;perpage=96&amp;paged=1&amp;order=ASC&amp;fetch_only_meta=70939%2C70937%2C5532&amp;orderby=date&amp;advancedSearch=true&amp;metaquery%5B0%5D%5Bkey%5D=5358&amp;metaquery%5B0%5D%5Bcompare%5D=LIKE&amp;metaquery%5B0%5D%5BoriginalMeta%5D=5358-undefined-string&amp;metaquery%5B0%5D%5Bptype%5D=string&amp;metaquery%5B0%5D%5Bvalue%5D=luva&amp;metaquery%5B674%5D%5Bkey%5D=70939&amp;metaquery%5B674%5D%5Bcompare%5D=NOT%20LIKE&amp;metaquery%5B674%5D%5BoriginalMeta%5D=70939-undefined-string&amp;metaquery%5B674%5D%5Bptype%5D=string&amp;metaquery%5B674%5D%5Bvalue%5D=chin&amp;metaquery%5B872%5D%5Bkey%5D=5358&amp;metaquery%5B872%5D%5Bcompare%5D=NOT%20LIKE&amp;metaquery%5B872%5D%5BoriginalMeta%5D=5358-undefined-string&amp;metaquery%5B872%5D%5Bptype%5D=string&amp;metaquery%5B872%5D%5Bvalue%5D=chin&amp;metaquery%5B952%5D%5Bkey%5D=70939&amp;metaquery%5B952%5D%5Bcompare%5D=NOT%20LIKE&amp;metaquery%5B952%5D%5BoriginalMeta%5D=70939-undefined-string&amp;metaquery%5B952%5D%5Bptype%5D=string&amp;metaquery%5B952%5D%5Bvalue%5D=AN&amp;metaquery%5B1000%5D%5Bkey%5D=70939&amp;metaquery%5B1000%5D%5Bcompare%5D=NOT%20LIKE&amp;metaquery%5B1000%5D%5BoriginalMeta%5D=70939-undefined-string&amp;metaquery%5B1000%5D%5Bptype%5D=string&amp;metaquery%5B1000%5D%5Bvalue%5D=MM&amp;metaquery%5Brelation%5D=AND&amp;fetch_only=thumbnail%2Ccreation_date%2Cauthor_name\" class=\"wp-block-tainacan-dynamic-items-list\" collection-id=\"70931\" show-image=\"true\" show-name=\"true\" show-search-bar=\"undefined\" show-collection-header=\"undefined\" show-collection-label=\"undefined\" crop-images-to-square=\"true\" layout=\"grid\" mosaic-density=\"5\" mosaic-item-focal-point-x=\"0.5\" mosaic-item-focal-point-y=\"0.5\" max-columns-count=\"4\" collection-background-color=\"#454647\" collection-text-color=\"#ffffff\" grid-margin=\"0\" max-items-number=\"96\" order=\"ASC\" tainacan-api-root=\"https:\/\/batelada.com\/index.php\/wp-json\/tainacan\/v2\" tainacan-base-url=\"https:\/\/batelada.com\/wp-content\/plugins\/tainacan\" id=\"wp-block-tainacan-dynamic-items-list_7f4a805e-55c4-4b8c-a6f0-318ee4c51658\"><div><\/div><\/div>\n\n\n\n<p class=\"has-text-align-center has-large-font-size\">V\u00cdDEOS<\/p>\n\n\n\n<div search-url=\"https:\/\/batelada.com\/wp-admin\/admin.php?page=tainacan_admin#\/collections\/69678\/items\/?readmode=true&amp;iframemode=true&amp;status=publish&amp;admin_view_mode=table&amp;perpage=12&amp;paged=1&amp;order=DESC&amp;orderby=meta_value&amp;metakey=5532&amp;fetch_only_meta=4967%2C5162%2C5339%2C5358%2C5532%2C22884&amp;advancedSearch=true&amp;metaquery%5B1%5D%5Bkey%5D=5528&amp;metaquery%5B1%5D%5Bcompare%5D=LIKE&amp;metaquery%5B1%5D%5BoriginalMeta%5D=5528-undefined-string&amp;metaquery%5B1%5D%5Bptype%5D=string&amp;metaquery%5B1%5D%5Bvalue%5D=Brasil&amp;metaquery%5B737%5D%5Bkey%5D=5528&amp;metaquery%5B737%5D%5Bcompare%5D=LIKE&amp;metaquery%5B737%5D%5BoriginalMeta%5D=5528-undefined-string&amp;metaquery%5B737%5D%5Bptype%5D=string&amp;metaquery%5B737%5D%5Bvalue%5D=Popular&amp;metaquery%5Brelation%5D=AND&amp;fetch_only=thumbnail%2Ccreation_date%2Cauthor_name\" class=\"wp-block-tainacan-dynamic-items-list\" collection-id=\"69678\" show-image=\"true\" show-name=\"true\" show-search-bar=\"undefined\" show-collection-header=\"undefined\" show-collection-label=\"undefined\" crop-images-to-square=\"true\" layout=\"grid\" mosaic-density=\"5\" mosaic-item-focal-point-x=\"0.5\" mosaic-item-focal-point-y=\"0.5\" max-columns-count=\"4\" collection-background-color=\"#454647\" collection-text-color=\"#ffffff\" grid-margin=\"0\" max-items-number=\"12\" order=\"DESC\" tainacan-api-root=\"https:\/\/batelada.com\/index.php\/wp-json\/tainacan\/v2\" tainacan-base-url=\"https:\/\/batelada.com\/wp-content\/plugins\/tainacan\" id=\"wp-block-tainacan-dynamic-items-list_e5ec545d-40c2-468e-bf4d-07dfddce7c72\"><div><\/div><\/div>\n\n\n\n<figure class=\"wp-block-embed is-type-video is-provider-youtube wp-block-embed-youtube wp-embed-aspect-4-3 wp-has-aspect-ratio\"><div class=\"wp-block-embed__wrapper\">\n<iframe title=\"Mamulengo - Luiz Andr\u00e9 Cherubini ajuda o Mestre Z\u00e9 Lopes em sua brincadeira.\" width=\"1333\" height=\"1000\" src=\"https:\/\/www.youtube.com\/embed\/_EZ0Qe5BYlM?feature=oembed\" frameborder=\"0\" allow=\"accelerometer; autoplay; clipboard-write; encrypted-media; gyroscope; picture-in-picture\" allowfullscreen><\/iframe>\n<\/div><\/figure>\n","protected":false},"excerpt":{"rendered":"<p>O Teatro de Bonecos Popular e Tradicional Brasileiro nas Cole\u00e7\u00f5es do Sobrevento Esses s\u00e3o os itens catalogados nas cole\u00e7\u00f5es do Sobrevento. Outros incr\u00edveis se somar\u00e3o a eles. Tudo a seu tempo. Clique em um item para descobrir mais detalhes sobre ele. LIVROS BONECOS V\u00cdDEOS<\/p>\n","protected":false},"author":1,"featured_media":319432,"parent":0,"menu_order":0,"comment_status":"closed","ping_status":"closed","template":"template-fullwidth.php","meta":{"footnotes":""},"class_list":["post-311301","page","type-page","status-publish","has-post-thumbnail","hentry"],"_links":{"self":[{"href":"https:\/\/batelada.com\/index.php\/wp-json\/wp\/v2\/pages\/311301","targetHints":{"allow":["GET"]}}],"collection":[{"href":"https:\/\/batelada.com\/index.php\/wp-json\/wp\/v2\/pages"}],"about":[{"href":"https:\/\/batelada.com\/index.php\/wp-json\/wp\/v2\/types\/page"}],"author":[{"embeddable":true,"href":"https:\/\/batelada.com\/index.php\/wp-json\/wp\/v2\/users\/1"}],"replies":[{"embeddable":true,"href":"https:\/\/batelada.com\/index.php\/wp-json\/wp\/v2\/comments?post=311301"}],"version-history":[{"count":16,"href":"https:\/\/batelada.com\/index.php\/wp-json\/wp\/v2\/pages\/311301\/revisions"}],"predecessor-version":[{"id":335499,"href":"https:\/\/batelada.com\/index.php\/wp-json\/wp\/v2\/pages\/311301\/revisions\/335499"}],"wp:featuredmedia":[{"embeddable":true,"href":"https:\/\/batelada.com\/index.php\/wp-json\/wp\/v2\/media\/319432"}],"wp:attachment":[{"href":"https:\/\/batelada.com\/index.php\/wp-json\/wp\/v2\/media?parent=311301"}],"curies":[{"name":"wp","href":"https:\/\/api.w.org\/{rel}","templated":true}]}}