{"id":31551,"date":"2021-02-02T18:16:02","date_gmt":"2021-02-02T18:16:02","guid":{"rendered":"http:\/\/batelada.com\/?page_id=31551"},"modified":"2021-05-24T15:47:52","modified_gmt":"2021-05-24T15:47:52","slug":"acervo-contato","status":"publish","type":"page","link":"https:\/\/batelada.com\/index.php\/acervo-contato\/","title":{"rendered":"Contato"},"content":{"rendered":"\n<p class=\"has-text-align-center has-medium-font-size\">Para falar conosco e enviar suas informa\u00e7\u00f5es, envie um e-mail<br><em>Para hablar con nosotros y enviarnos sus informaciones, env\u00edanos un e-mail<\/em><br><a href=\"mailto:info@sobrevento.com\" data-type=\"mailto\" data-id=\"mailto:info@sobrevento.com\" target=\"_blank\" rel=\"noreferrer noopener\">info@sobrevento.com<\/a><\/p>\n\n\n\n<p class=\"has-medium-font-size\"><br><\/p>\n\n\n\n<p class=\"has-text-align-center has-medium-font-size\">Para saber mais do Sobrevento, visite<br><a rel=\"noreferrer noopener\" href=\"http:\/\/www.sobrevento.com\" target=\"_blank\">http:\/\/www.sobrevento.com<\/a><\/p>\n\n\n\n<p class=\"has-text-align-center has-medium-font-size\">ou busque-nos nas m\u00eddias sociais!<\/p>\n","protected":false},"excerpt":{"rendered":"<p>Para falar conosco e enviar suas informa\u00e7\u00f5es, envie um e-mailPara hablar con nosotros y enviarnos sus informaciones, env\u00edanos un e-mailinfo@sobrevento.com Para saber mais do Sobrevento, visitehttp:\/\/www.sobrevento.com ou busque-nos nas m\u00eddias sociais!<\/p>\n","protected":false},"author":1,"featured_media":14375,"parent":0,"menu_order":0,"comment_status":"closed","ping_status":"closed","template":"template-fullwidth.php","meta":{"footnotes":""},"class_list":["post-31551","page","type-page","status-publish","has-post-thumbnail","hentry"],"_links":{"self":[{"href":"https:\/\/batelada.com\/index.php\/wp-json\/wp\/v2\/pages\/31551","targetHints":{"allow":["GET"]}}],"collection":[{"href":"https:\/\/batelada.com\/index.php\/wp-json\/wp\/v2\/pages"}],"about":[{"href":"https:\/\/batelada.com\/index.php\/wp-json\/wp\/v2\/types\/page"}],"author":[{"embeddable":true,"href":"https:\/\/batelada.com\/index.php\/wp-json\/wp\/v2\/users\/1"}],"replies":[{"embeddable":true,"href":"https:\/\/batelada.com\/index.php\/wp-json\/wp\/v2\/comments?post=31551"}],"version-history":[{"count":12,"href":"https:\/\/batelada.com\/index.php\/wp-json\/wp\/v2\/pages\/31551\/revisions"}],"predecessor-version":[{"id":310553,"href":"https:\/\/batelada.com\/index.php\/wp-json\/wp\/v2\/pages\/31551\/revisions\/310553"}],"wp:featuredmedia":[{"embeddable":true,"href":"https:\/\/batelada.com\/index.php\/wp-json\/wp\/v2\/media\/14375"}],"wp:attachment":[{"href":"https:\/\/batelada.com\/index.php\/wp-json\/wp\/v2\/media?parent=31551"}],"curies":[{"name":"wp","href":"https:\/\/api.w.org\/{rel}","templated":true}]}}