{"id":334358,"date":"2021-06-03T20:24:22","date_gmt":"2021-06-03T20:24:22","guid":{"rendered":"https:\/\/batelada.com\/?page_id=334358"},"modified":"2021-06-05T00:57:02","modified_gmt":"2021-06-05T00:57:02","slug":"teatro-de-objetos","status":"publish","type":"page","link":"https:\/\/batelada.com\/index.php\/teatro-de-objetos\/","title":{"rendered":"Teatro de Objetos"},"content":{"rendered":"\n<p class=\"has-text-align-center has-medium-font-size\">O Teatro de Objetos nas Cole\u00e7\u00f5es do Sobrevento<\/p>\n\n\n\n<p class=\"has-text-align-center\">Esses s\u00e3o os itens catalogados nas cole\u00e7\u00f5es do Sobrevento. Outros incr\u00edveis se somar\u00e3o a eles. Tudo a seu tempo.<\/p>\n\n\n\n<p class=\"has-text-align-center has-small-font-size\">Clique em um item para descobrir mais detalhes sobre ele.<\/p>\n\n\n\n<p class=\"has-text-align-center has-large-font-size\">LIVROS<\/p>\n\n\n\n<div search-url=\"https:\/\/batelada.com\/wp-admin\/admin.php?page=tainacan_admin#\/collections\/87758\/items\/?readmode=true&amp;iframemode=true&amp;status=publish&amp;admin_view_mode=table&amp;perpage=96&amp;paged=1&amp;order=ASC&amp;orderby=date&amp;fetch_only_meta=87763%2C87761%2C5528%2C5532&amp;metaquery%5B233%5D%5Bkey%5D=5528&amp;metaquery%5B233%5D%5Bcompare%5D=LIKE&amp;metaquery%5B233%5D%5BoriginalMeta%5D=5528-undefined-string&amp;metaquery%5B233%5D%5Bptype%5D=string&amp;metaquery%5B233%5D%5Bvalue%5D=objeto&amp;advancedSearch=true&amp;fetch_only=thumbnail%2Ccreation_date%2Cauthor_name\" class=\"wp-block-tainacan-dynamic-items-list\" collection-id=\"87758\" show-image=\"true\" show-name=\"true\" show-search-bar=\"undefined\" show-collection-header=\"undefined\" show-collection-label=\"undefined\" crop-images-to-square=\"true\" layout=\"grid\" mosaic-density=\"5\" mosaic-item-focal-point-x=\"0.5\" mosaic-item-focal-point-y=\"0.5\" max-columns-count=\"4\" collection-background-color=\"#454647\" collection-text-color=\"#ffffff\" grid-margin=\"0\" max-items-number=\"96\" order=\"ASC\" tainacan-api-root=\"https:\/\/batelada.com\/index.php\/wp-json\/tainacan\/v2\" tainacan-base-url=\"https:\/\/batelada.com\/wp-content\/plugins\/tainacan\" id=\"wp-block-tainacan-dynamic-items-list_faa5fbd3-50e9-4c4b-9d47-8a85c167ea34\"><div><\/div><\/div>\n\n\n\n<p class=\"has-text-align-center has-large-font-size\">V\u00cdDEOS<\/p>\n","protected":false},"excerpt":{"rendered":"<p>O Teatro de Objetos nas Cole\u00e7\u00f5es do Sobrevento Esses s\u00e3o os itens catalogados nas cole\u00e7\u00f5es do Sobrevento. Outros incr\u00edveis se somar\u00e3o a eles. Tudo a seu tempo. Clique em um item para descobrir mais detalhes sobre ele. LIVROS V\u00cdDEOS<\/p>\n","protected":false},"author":1,"featured_media":334382,"parent":0,"menu_order":0,"comment_status":"closed","ping_status":"closed","template":"template-fullwidth.php","meta":{"footnotes":""},"class_list":["post-334358","page","type-page","status-publish","has-post-thumbnail","hentry"],"_links":{"self":[{"href":"https:\/\/batelada.com\/index.php\/wp-json\/wp\/v2\/pages\/334358","targetHints":{"allow":["GET"]}}],"collection":[{"href":"https:\/\/batelada.com\/index.php\/wp-json\/wp\/v2\/pages"}],"about":[{"href":"https:\/\/batelada.com\/index.php\/wp-json\/wp\/v2\/types\/page"}],"author":[{"embeddable":true,"href":"https:\/\/batelada.com\/index.php\/wp-json\/wp\/v2\/users\/1"}],"replies":[{"embeddable":true,"href":"https:\/\/batelada.com\/index.php\/wp-json\/wp\/v2\/comments?post=334358"}],"version-history":[{"count":5,"href":"https:\/\/batelada.com\/index.php\/wp-json\/wp\/v2\/pages\/334358\/revisions"}],"predecessor-version":[{"id":336490,"href":"https:\/\/batelada.com\/index.php\/wp-json\/wp\/v2\/pages\/334358\/revisions\/336490"}],"wp:featuredmedia":[{"embeddable":true,"href":"https:\/\/batelada.com\/index.php\/wp-json\/wp\/v2\/media\/334382"}],"wp:attachment":[{"href":"https:\/\/batelada.com\/index.php\/wp-json\/wp\/v2\/media?parent=334358"}],"curies":[{"name":"wp","href":"https:\/\/api.w.org\/{rel}","templated":true}]}}