{"id":336486,"date":"2021-06-05T00:52:53","date_gmt":"2021-06-05T00:52:53","guid":{"rendered":"https:\/\/batelada.com\/?page_id=336486"},"modified":"2023-04-05T18:47:17","modified_gmt":"2023-04-05T21:47:17","slug":"persia","status":"publish","type":"page","link":"https:\/\/batelada.com\/index.php\/persia\/","title":{"rendered":"P\u00e9rsia"},"content":{"rendered":"\n<p class=\"has-text-align-center has-medium-font-size\">O Teatro Persa nas Cole\u00e7\u00f5es do Sobrevento<\/p>\n\n\n\n<p class=\"has-text-align-center\">Esses s\u00e3o os itens catalogados nas cole\u00e7\u00f5es do Sobrevento. Como os livros est\u00e3o sendo muito usados e boa parte da literatura que usamos baseia-se em pdfs, ainda h\u00e1 muito o que fazer para montar esta cole\u00e7\u00e3o. Tudo a seu tempo.<\/p>\n\n\n\n<p class=\"has-text-align-center has-small-font-size\">Clique em um item para descobrir mais detalhes sobre ele.<\/p>\n\n\n\n<p class=\"has-text-align-center has-large-font-size\">LIVROS<\/p>\n\n\n\n<div class=\"wp-block-tainacan-dynamic-items-list\" data-module=\"dynamic-items-list\" search-url=\"https:\/\/batelada.com\/wp-admin\/admin.php?page=tainacan_admin#\/collections\/87758\/items\/?readmode=true&amp;iframemode=true&amp;status=publish&amp;admin_view_mode=table&amp;perpage=96&amp;paged=1&amp;order=ASC&amp;orderby=date&amp;fetch_only_meta=87763%2C87761%2C5528%2C5532&amp;metaquery%5B233%5D%5Bkey%5D=5528&amp;metaquery%5B233%5D%5Bcompare%5D=LIKE&amp;metaquery%5B233%5D%5BoriginalMeta%5D=5528-undefined-string&amp;metaquery%5B233%5D%5Bptype%5D=string&amp;metaquery%5B233%5D%5Bvalue%5D=Ir%C3%A3&amp;advancedSearch=true&amp;fetch_only=thumbnail%2Ccreation_date%2Cauthor_name\" collection-id=\"87758\" show-image=\"true\" show-name=\"true\" show-search-bar=\"undefined\" show-collection-header=\"undefined\" show-collection-label=\"undefined\" crop-images-to-square=\"true\" layout=\"grid\" load-strategy=\"search\" mosaic-density=\"5\" mosaic-item-focal-point-x=\"0.5\" mosaic-item-focal-point-y=\"0.5\" max-columns-count=\"4\" collection-background-color=\"#454647\" collection-text-color=\"#ffffff\" grid-margin=\"0\" max-items-number=\"96\" order=\"ASC\" tainacan-api-root=\"https:\/\/batelada.com\/index.php\/wp-json\/tainacan\/v2\" tainacan-base-url=\"https:\/\/batelada.com\/wp-content\/plugins\/tainacan\" id=\"wp-block-tainacan-dynamic-items-list_35c63b9f-203b-4fce-858d-2e4918a924db\"><div><\/div><\/div>\n\n\n\n<p class=\"has-text-align-center has-large-font-size\">V\u00cdDEOS<\/p>\n\n\n\n<div class=\"wp-block-tainacan-dynamic-items-list\" data-module=\"dynamic-items-list\" search-url=\"https:\/\/batelada.com\/wp-admin\/admin.php?page=tainacan_admin#\/collections\/69678\/items\/?readmode=true&amp;iframemode=true&amp;status=publish&amp;admin_view_mode=table&amp;perpage=48&amp;paged=1&amp;order=DESC&amp;orderby=meta_value&amp;metakey=5532&amp;fetch_only_meta=4967%2C5162%2C5339%2C5358%2C5532%2C22884&amp;metaquery%5B0%5D%5Bkey%5D=5528&amp;metaquery%5B0%5D%5Bcompare%5D=LIKE&amp;metaquery%5B0%5D%5BoriginalMeta%5D=5528-undefined-string&amp;metaquery%5B0%5D%5Bptype%5D=string&amp;metaquery%5B0%5D%5Bvalue%5D=Ir%C3%A3&amp;advancedSearch=true&amp;fetch_only=thumbnail%2Ccreation_date%2Cauthor_name\" collection-id=\"69678\" show-image=\"true\" show-name=\"true\" show-search-bar=\"undefined\" show-collection-header=\"undefined\" show-collection-label=\"undefined\" crop-images-to-square=\"true\" layout=\"grid\" load-strategy=\"search\" mosaic-density=\"5\" mosaic-item-focal-point-x=\"0.5\" mosaic-item-focal-point-y=\"0.5\" max-columns-count=\"5\" collection-background-color=\"#454647\" collection-text-color=\"#ffffff\" grid-margin=\"0\" max-items-number=\"48\" order=\"DESC\" tainacan-api-root=\"https:\/\/batelada.com\/index.php\/wp-json\/tainacan\/v2\" tainacan-base-url=\"https:\/\/batelada.com\/wp-content\/plugins\/tainacan\" id=\"wp-block-tainacan-dynamic-items-list_d4b3a4c8-9cfc-430e-882f-23ef797b17a5\"><div><\/div><\/div>\n","protected":false},"excerpt":{"rendered":"<p>O Teatro Persa nas Cole\u00e7\u00f5es do Sobrevento Esses s\u00e3o os itens catalogados nas cole\u00e7\u00f5es do Sobrevento. Como os livros est\u00e3o sendo muito usados e boa parte da literatura que usamos baseia-se em pdfs, ainda h\u00e1 muito o que fazer para montar esta cole\u00e7\u00e3o. Tudo a seu tempo. Clique em um item para descobrir mais detalhes [&hellip;]<\/p>\n","protected":false},"author":1,"featured_media":336484,"parent":0,"menu_order":0,"comment_status":"closed","ping_status":"closed","template":"template-fullwidth.php","meta":{"footnotes":""},"class_list":["post-336486","page","type-page","status-publish","has-post-thumbnail","hentry"],"_links":{"self":[{"href":"https:\/\/batelada.com\/index.php\/wp-json\/wp\/v2\/pages\/336486","targetHints":{"allow":["GET"]}}],"collection":[{"href":"https:\/\/batelada.com\/index.php\/wp-json\/wp\/v2\/pages"}],"about":[{"href":"https:\/\/batelada.com\/index.php\/wp-json\/wp\/v2\/types\/page"}],"author":[{"embeddable":true,"href":"https:\/\/batelada.com\/index.php\/wp-json\/wp\/v2\/users\/1"}],"replies":[{"embeddable":true,"href":"https:\/\/batelada.com\/index.php\/wp-json\/wp\/v2\/comments?post=336486"}],"version-history":[{"count":7,"href":"https:\/\/batelada.com\/index.php\/wp-json\/wp\/v2\/pages\/336486\/revisions"}],"predecessor-version":[{"id":343600,"href":"https:\/\/batelada.com\/index.php\/wp-json\/wp\/v2\/pages\/336486\/revisions\/343600"}],"wp:featuredmedia":[{"embeddable":true,"href":"https:\/\/batelada.com\/index.php\/wp-json\/wp\/v2\/media\/336484"}],"wp:attachment":[{"href":"https:\/\/batelada.com\/index.php\/wp-json\/wp\/v2\/media?parent=336486"}],"curies":[{"name":"wp","href":"https:\/\/api.w.org\/{rel}","templated":true}]}}