{"id":341713,"date":"2022-05-27T19:59:16","date_gmt":"2022-05-27T22:59:16","guid":{"rendered":"https:\/\/batelada.com\/?page_id=341713"},"modified":"2022-05-27T22:25:34","modified_gmt":"2022-05-28T01:25:34","slug":"sauba","status":"publish","type":"page","link":"https:\/\/batelada.com\/index.php\/sauba\/","title":{"rendered":"Sa\u00faba"},"content":{"rendered":"\n<p class=\"has-text-align-center has-large-font-size\" id=\"block-ea91391a-6b97-4e49-b7ac-952468f21a2d\">Os Bonecos que o Mestre Sa\u00faba fez para o Sobrevento<\/p>\n\n\n\n<p class=\"has-text-align-center\" id=\"block-3bf94642-3ee7-444f-9bc1-04dc76a7a100\">O Sobrevento tem muitos bonecos criados por Sa\u00faba para os seus espet\u00e1culos: bonecos bem diferentes daqueles que Sa\u00faba fazia de h\u00e1bito. Se voc\u00ea conhece o trabalho de um dos maiores bonequeiros populares que o Brasil j\u00e1 teve, vai se surpreender com a variedade de bonecos que o Mestre Sa\u00faba esculpiu para o Sobrevento. Sa\u00faba fez bonecos para O Anjo e a Princesa, Orlando Furioso, Cad\u00ea o meu Heroi? e Brasil pra Brasileiro Ver.<\/p>\n\n\n\n<p class=\"has-text-align-center\" id=\"block-fd587f7d-e51d-4d30-adca-17786ccd95f6\">Ant\u00f4nio Elias da Silva perdeu a vida, no dia 20 de maio de 2022, aos 71 anos, para uma cultura de viol\u00eancia que agride a fragilidade e a delicadeza em nosso pa\u00eds. Sa\u00faba encheu o mundo de alegria, com a sua Arte, com a sua intelig\u00eancia, com a sua fina sensibilidade, com o seu talento e a sua destreza. Deu a n\u00f3s o privil\u00e9gio de sermos seus amigos e disc\u00edpulos, al\u00e9m de admiradores.<br><br>No II Encontro de Teatro de Bonecos Popular, no dia 31 de maio de 2022, o Sobrevento e muitos outros bonequeiros fazem uma homenagem \u00e0 seu amigo, mestre, companheiro, no Espa\u00e7o Sobrevento. Para celebrar a vida e a Arte desse bonequeiro inesquec\u00edvel.<\/p>\n\n\n\n<p class=\"has-text-align-center has-small-font-size\" id=\"block-e96cfbf6-b4c2-461d-b7aa-b11333e06a60\">Clique em um item para descobrir mais detalhes sobre ele.<\/p>\n\n\n\n<div id=\"block-9409788f-d5d9-4b23-8671-cf916e82dfda\" class=\"wp-block-image\"><figure class=\"aligncenter is-resized\"><img fetchpriority=\"high\" decoding=\"async\" src=\"https:\/\/batelada.com\/wp-content\/uploads\/2022\/05\/II-Encontro-teatro-de-bonecos-popular-cartaza4-724x1024.jpg\" alt=\"O atributo alt desta imagem est\u00e1 vazio. O nome do arquivo \u00e9 II-Encontro-teatro-de-bonecos-popular-cartaza4-724x1024.jpg\" width=\"465\" height=\"658\"\/><\/figure><\/div>\n\n\n\n<p class=\"has-text-align-center has-large-font-size\" id=\"block-aad48a4f-b959-4837-9b9e-cf3ab505f055\">FOTOS<\/p>\n\n\n\n<figure class=\"wp-block-gallery columns-2 is-cropped wp-block-gallery-1 is-layout-flex wp-block-gallery-is-layout-flex\"><ul class=\"blocks-gallery-grid\"><li class=\"blocks-gallery-item\"><figure><img decoding=\"async\" width=\"590\" height=\"386\" src=\"https:\/\/batelada.com\/wp-content\/uploads\/2022\/05\/sauba4.jpg\" alt=\"\" data-id=\"341706\" data-full-url=\"https:\/\/batelada.com\/wp-content\/uploads\/2022\/05\/sauba4.jpg\" data-link=\"https:\/\/batelada.com\/index.php\/2022\/05\/27\/sauba\/sauba4\/\" class=\"wp-image-341706\" srcset=\"https:\/\/batelada.com\/wp-content\/uploads\/2022\/05\/sauba4.jpg 590w, https:\/\/batelada.com\/wp-content\/uploads\/2022\/05\/sauba4-300x196.jpg 300w, https:\/\/batelada.com\/wp-content\/uploads\/2022\/05\/sauba4-205x134.jpg 205w\" sizes=\"(max-width: 590px) 100vw, 590px\" \/><figcaption class=\"blocks-gallery-item__caption\">Sa\u00faba, ao lado de Al\u00edcio Amaral, na sala da casa de Sandra e Luiz Andr\u00e9, esculpindo os bonecos de Brasil pra Brasileiro Ver, em S\u00e3o Paulo, em 1999.<\/figcaption><\/figure><\/li><li class=\"blocks-gallery-item\"><figure><img decoding=\"async\" width=\"1024\" height=\"694\" src=\"https:\/\/batelada.com\/wp-content\/uploads\/2022\/05\/sauba3-1024x694.jpg\" alt=\"\" data-id=\"341705\" data-full-url=\"https:\/\/batelada.com\/wp-content\/uploads\/2022\/05\/sauba3.jpg\" data-link=\"https:\/\/batelada.com\/index.php\/2022\/05\/27\/sauba\/sauba3\/\" class=\"wp-image-341705\" srcset=\"https:\/\/batelada.com\/wp-content\/uploads\/2022\/05\/sauba3-1024x694.jpg 1024w, https:\/\/batelada.com\/wp-content\/uploads\/2022\/05\/sauba3-300x203.jpg 300w, https:\/\/batelada.com\/wp-content\/uploads\/2022\/05\/sauba3-768x521.jpg 768w, https:\/\/batelada.com\/wp-content\/uploads\/2022\/05\/sauba3-205x139.jpg 205w, https:\/\/batelada.com\/wp-content\/uploads\/2022\/05\/sauba3.jpg 1180w\" sizes=\"(max-width: 1024px) 100vw, 1024px\" \/><figcaption class=\"blocks-gallery-item__caption\">Sa\u00faba, ao lado de Anderson Gangla, Sandra Vargas e Miguel Vellinho, na cozinha da casa de Sandra e Luiz Andr\u00e9, criando os bonecos de Brasil pra Brasileiro Ver, em S\u00e3o Paulo, em 1999.<\/figcaption><\/figure><\/li><li class=\"blocks-gallery-item\"><figure><img loading=\"lazy\" decoding=\"async\" width=\"1024\" height=\"689\" src=\"https:\/\/batelada.com\/wp-content\/uploads\/2022\/05\/sauba2-1024x689.jpg\" alt=\"\" data-id=\"341704\" data-full-url=\"https:\/\/batelada.com\/wp-content\/uploads\/2022\/05\/sauba2.jpg\" data-link=\"https:\/\/batelada.com\/index.php\/2022\/05\/27\/sauba\/sauba2\/\" class=\"wp-image-341704\" srcset=\"https:\/\/batelada.com\/wp-content\/uploads\/2022\/05\/sauba2-1024x689.jpg 1024w, https:\/\/batelada.com\/wp-content\/uploads\/2022\/05\/sauba2-300x202.jpg 300w, https:\/\/batelada.com\/wp-content\/uploads\/2022\/05\/sauba2-768x517.jpg 768w, https:\/\/batelada.com\/wp-content\/uploads\/2022\/05\/sauba2-205x138.jpg 205w, https:\/\/batelada.com\/wp-content\/uploads\/2022\/05\/sauba2.jpg 1138w\" sizes=\"(max-width: 1024px) 100vw, 1024px\" \/><figcaption class=\"blocks-gallery-item__caption\">Sa\u00faba, ao lado de Anderson Gangla, Sandra Vargas e Miguel Vellinho, na cozinha da casa de Sandra e Luiz Andr\u00e9, criando os bonecos de Brasil pra Brasileiro Ver, em S\u00e3o Paulo, em 1999.<\/figcaption><\/figure><\/li><li class=\"blocks-gallery-item\"><figure><img loading=\"lazy\" decoding=\"async\" width=\"566\" height=\"380\" src=\"https:\/\/batelada.com\/wp-content\/uploads\/2022\/05\/sauba1.jpg\" alt=\"\" data-id=\"341703\" data-full-url=\"https:\/\/batelada.com\/wp-content\/uploads\/2022\/05\/sauba1.jpg\" data-link=\"https:\/\/batelada.com\/index.php\/2022\/05\/27\/sauba\/sauba1\/\" class=\"wp-image-341703\" srcset=\"https:\/\/batelada.com\/wp-content\/uploads\/2022\/05\/sauba1.jpg 566w, https:\/\/batelada.com\/wp-content\/uploads\/2022\/05\/sauba1-300x201.jpg 300w, https:\/\/batelada.com\/wp-content\/uploads\/2022\/05\/sauba1-205x138.jpg 205w\" sizes=\"(max-width: 566px) 100vw, 566px\" \/><figcaption class=\"blocks-gallery-item__caption\">Sa\u00faba na casa de Valdeck de Garanhuns, ao lado de Luiz Andr\u00e9 Cherubini, esculpindo os bonecos de Cad\u00ea o meu Heroi?, em Itapecerica da Serra, em 1998.<\/figcaption><\/figure><\/li><\/ul><\/figure>\n\n\n\n<div class=\"wp-block-image\"><figure class=\"aligncenter size-large is-resized\"><img loading=\"lazy\" decoding=\"async\" src=\"https:\/\/batelada.com\/wp-content\/uploads\/2022\/05\/LA-e-Sauba-foto-andreisson-quintela-680x1024.jpeg\" alt=\"\" class=\"wp-image-341702\" width=\"436\" height=\"657\" srcset=\"https:\/\/batelada.com\/wp-content\/uploads\/2022\/05\/LA-e-Sauba-foto-andreisson-quintela-680x1024.jpeg 680w, https:\/\/batelada.com\/wp-content\/uploads\/2022\/05\/LA-e-Sauba-foto-andreisson-quintela-199x300.jpeg 199w, https:\/\/batelada.com\/wp-content\/uploads\/2022\/05\/LA-e-Sauba-foto-andreisson-quintela-768x1157.jpeg 768w, https:\/\/batelada.com\/wp-content\/uploads\/2022\/05\/LA-e-Sauba-foto-andreisson-quintela-205x309.jpeg 205w, https:\/\/batelada.com\/wp-content\/uploads\/2022\/05\/LA-e-Sauba-foto-andreisson-quintela.jpeg 850w\" sizes=\"(max-width: 436px) 100vw, 436px\" \/><figcaption>Mestre Sa\u00faba e Luiz Andr\u00e9 Cherubini, no I Encontro de Mamulengos, em S\u00e3o Paulo (foto: Andreisson Quintela).<\/figcaption><\/figure><\/div>\n\n\n\n<p class=\"has-text-align-center has-large-font-size\" id=\"block-cd60ccec-a344-4e1d-a81b-4f61777d49e2\">BONECOS<\/p>\n\n\n\n<div class=\"wp-block-tainacan-dynamic-items-list\" data-module=\"dynamic-items-list\" search-url=\"\" selected-items=\"[&quot;299050&quot;,&quot;299052&quot;,&quot;299054&quot;,&quot;299042&quot;,&quot;299044&quot;,&quot;299046&quot;,&quot;299048&quot;,&quot;299032&quot;,&quot;299034&quot;,&quot;299036&quot;,&quot;299038&quot;,&quot;299040&quot;,&quot;299028&quot;,&quot;299030&quot;,&quot;236072&quot;,&quot;236064&quot;,&quot;236056&quot;,&quot;236032&quot;,&quot;236040&quot;,&quot;236048&quot;,&quot;235512&quot;,&quot;236008&quot;,&quot;236024&quot;]\" collection-id=\"70931\" show-image=\"true\" show-name=\"true\" show-search-bar=\"undefined\" show-collection-header=\"undefined\" show-collection-label=\"undefined\" crop-images-to-square=\"true\" layout=\"grid\" load-strategy=\"selection\" mosaic-density=\"5\" mosaic-item-focal-point-x=\"0.5\" mosaic-item-focal-point-y=\"0.5\" max-columns-count=\"4\" collection-background-color=\"#454647\" collection-text-color=\"#ffffff\" grid-margin=\"0\" order=\"\" tainacan-api-root=\"https:\/\/batelada.com\/index.php\/wp-json\/tainacan\/v2\" tainacan-base-url=\"https:\/\/batelada.com\/wp-content\/plugins\/tainacan\" id=\"wp-block-tainacan-dynamic-items-list_93ec7449-3da4-4164-8e74-e070ca96a67c\"><div><\/div><\/div>\n","protected":false},"excerpt":{"rendered":"<p>Os Bonecos que o Mestre Sa\u00faba fez para o Sobrevento O Sobrevento tem muitos bonecos criados por Sa\u00faba para os seus espet\u00e1culos: bonecos bem diferentes daqueles que Sa\u00faba fazia de h\u00e1bito. Se voc\u00ea conhece o trabalho de um dos maiores bonequeiros populares que o Brasil j\u00e1 teve, vai se surpreender com a variedade de bonecos [&hellip;]<\/p>\n","protected":false},"author":1,"featured_media":341702,"parent":0,"menu_order":0,"comment_status":"closed","ping_status":"closed","template":"template-fullwidth.php","meta":{"footnotes":""},"class_list":["post-341713","page","type-page","status-publish","has-post-thumbnail","hentry"],"_links":{"self":[{"href":"https:\/\/batelada.com\/index.php\/wp-json\/wp\/v2\/pages\/341713","targetHints":{"allow":["GET"]}}],"collection":[{"href":"https:\/\/batelada.com\/index.php\/wp-json\/wp\/v2\/pages"}],"about":[{"href":"https:\/\/batelada.com\/index.php\/wp-json\/wp\/v2\/types\/page"}],"author":[{"embeddable":true,"href":"https:\/\/batelada.com\/index.php\/wp-json\/wp\/v2\/users\/1"}],"replies":[{"embeddable":true,"href":"https:\/\/batelada.com\/index.php\/wp-json\/wp\/v2\/comments?post=341713"}],"version-history":[{"count":7,"href":"https:\/\/batelada.com\/index.php\/wp-json\/wp\/v2\/pages\/341713\/revisions"}],"predecessor-version":[{"id":341725,"href":"https:\/\/batelada.com\/index.php\/wp-json\/wp\/v2\/pages\/341713\/revisions\/341725"}],"wp:featuredmedia":[{"embeddable":true,"href":"https:\/\/batelada.com\/index.php\/wp-json\/wp\/v2\/media\/341702"}],"wp:attachment":[{"href":"https:\/\/batelada.com\/index.php\/wp-json\/wp\/v2\/media?parent=341713"}],"curies":[{"name":"wp","href":"https:\/\/api.w.org\/{rel}","templated":true}]}}