{"id":51027,"date":"2021-03-08T20:30:03","date_gmt":"2021-03-08T20:30:03","guid":{"rendered":"http:\/\/batelada.com\/?page_id=51027"},"modified":"2021-05-24T14:27:37","modified_gmt":"2021-05-24T14:27:37","slug":"eventos-de-teatro-de-animacao","status":"publish","type":"page","link":"https:\/\/batelada.com\/index.php\/eventos-de-teatro-de-animacao\/","title":{"rendered":"Eventos de Teatro de Anima\u00e7\u00e3o"},"content":{"rendered":"\n<p class=\"has-text-align-center has-medium-font-size\">Esta cole\u00e7\u00e3o re\u00fane materiais gr\u00e1ficos de Eventos ligados ao Teatro de Anima\u00e7\u00e3o (Festivais, Exposi\u00e7\u00f5es, Semin\u00e1rios, etc.) que o Grupo Sobrevento mant\u00e9m em um arquivo f\u00edsico. Materiais gr\u00e1ficos que se constituem como livros ou revistas constam do corpo principal da Biblioteca.<\/p>\n\n\n\n<p class=\"has-text-align-center\">Clicando em uma imagem, vc descobre tudo sobre um item, nos m\u00ednimos detalhes.<br>Voc\u00ea pode fazer buscas detalhadas na coluna da esquerda.<br>E pode descobrir, na barra abaixo, modos surpreendentes de visualiza\u00e7\u00e3o.<br><a rel=\"noreferrer noopener\" href=\"https:\/\/batelada.com\/index.php\/biblioteca-sobrevento-2\/\" target=\"_blank\"><span class=\"has-inline-color has-vivid-red-color\">Mas clicando AQUI a p\u00e1gina fica muito mais bonita!<\/span><\/a><\/p>\n\n\n\n<div style=\"font-size:16px;--tainacan-base-font-size:16px;--tainacan-background-color:#ffffff;--tainacan-filter-menu-width-theme:20%;--tainacan-input-color:#1d1d1d;--tainacan-input-background-color:#ffffff;--tainacan-input-border-color:#dbdbdb;--tainacan-label-color:#454647;--tainacan-info-color:#555758;--tainacan-heading-color:#000000;--tainacan-skeleton-color:#eeeeee;--tainacan-item-background-color:#ffffff;--tainacan-item-hover-background-color:#f2f2f2;--tainacan-item-heading-hover-background-color:#dbdbdb;--tainacan-primary:#d9eced;--tainacan-secondary:#298596\" class=\"wp-block-tainacan-faceted-search\"><main collection-id=\"46478\" default-view-mode=\"table\" enabled-view-modes=\"table,cards,masonry,slideshow,mosaic\" hide-filters=\"false\" hide-hide-filters-button=\"false\" hide-search=\"false\" hide-advanced-search=\"false\" hide-displayed-metadata-button=\"false\" hide-pagination-area=\"false\" hide-sorting-area=\"false\" hide-items-thumbnail=\"false\" hide-sort-by-button=\"false\" hide-exposers-button=\"false\" hide-items-per-page-button=\"false\" default-items-per-page=\"96\" hide-go-to-page-button=\"false\" show-filters-button-inside-search-control=\"false\" start-with-filters-hidden=\"false\" filters-as-modal=\"false\" show-inline-view-mode-options=\"false\" show-fullscreen-with-view-modes=\"false\" id=\"tainacan-items-page\"><\/main><\/div>\n","protected":false},"excerpt":{"rendered":"<p>Esta cole\u00e7\u00e3o re\u00fane materiais gr\u00e1ficos de Eventos ligados ao Teatro de Anima\u00e7\u00e3o (Festivais, Exposi\u00e7\u00f5es, Semin\u00e1rios, etc.) que o Grupo Sobrevento mant\u00e9m em um arquivo f\u00edsico. Materiais gr\u00e1ficos que se constituem como livros ou revistas constam do corpo principal da Biblioteca. Clicando em uma imagem, vc descobre tudo sobre um item, nos m\u00ednimos detalhes.Voc\u00ea pode fazer [&hellip;]<\/p>\n","protected":false},"author":1,"featured_media":21174,"parent":0,"menu_order":0,"comment_status":"closed","ping_status":"closed","template":"template-fullwidth.php","meta":{"footnotes":""},"class_list":["post-51027","page","type-page","status-publish","has-post-thumbnail","hentry"],"_links":{"self":[{"href":"https:\/\/batelada.com\/index.php\/wp-json\/wp\/v2\/pages\/51027","targetHints":{"allow":["GET"]}}],"collection":[{"href":"https:\/\/batelada.com\/index.php\/wp-json\/wp\/v2\/pages"}],"about":[{"href":"https:\/\/batelada.com\/index.php\/wp-json\/wp\/v2\/types\/page"}],"author":[{"embeddable":true,"href":"https:\/\/batelada.com\/index.php\/wp-json\/wp\/v2\/users\/1"}],"replies":[{"embeddable":true,"href":"https:\/\/batelada.com\/index.php\/wp-json\/wp\/v2\/comments?post=51027"}],"version-history":[{"count":7,"href":"https:\/\/batelada.com\/index.php\/wp-json\/wp\/v2\/pages\/51027\/revisions"}],"predecessor-version":[{"id":310523,"href":"https:\/\/batelada.com\/index.php\/wp-json\/wp\/v2\/pages\/51027\/revisions\/310523"}],"wp:featuredmedia":[{"embeddable":true,"href":"https:\/\/batelada.com\/index.php\/wp-json\/wp\/v2\/media\/21174"}],"wp:attachment":[{"href":"https:\/\/batelada.com\/index.php\/wp-json\/wp\/v2\/media?parent=51027"}],"curies":[{"name":"wp","href":"https:\/\/api.w.org\/{rel}","templated":true}]}}