{"id":51032,"date":"2021-03-08T21:17:48","date_gmt":"2021-03-08T21:17:48","guid":{"rendered":"http:\/\/batelada.com\/?page_id=51032"},"modified":"2021-05-24T15:08:33","modified_gmt":"2021-05-24T15:08:33","slug":"grupos-e-artistas-de-teatro-de-animacao","status":"publish","type":"page","link":"https:\/\/batelada.com\/index.php\/grupos-e-artistas-de-teatro-de-animacao\/","title":{"rendered":"Grupos e Artistas de Teatro de Anima\u00e7\u00e3o"},"content":{"rendered":"\n<p class=\"has-text-align-center has-medium-font-size\">Esta cole\u00e7\u00e3o re\u00fane materiais gr\u00e1ficos de Grupos, Cias., Coletivos e Artistas ligados ao Teatro de Anima\u00e7\u00e3o que o Grupo Sobrevento mant\u00e9m em um arquivo f\u00edsico.<\/p>\n\n\n\n<p class=\"has-text-align-center\">Clicando em uma imagem, vc descobre tudo sobre um item, nos m\u00ednimos detalhes.<br>Voc\u00ea pode fazer buscas detalhadas na coluna da esquerda.<br>E pode descobrir, na barra abaixo, modos surpreendentes de visualiza\u00e7\u00e3o.<br><a href=\"https:\/\/batelada.com\/index.php\/grupos-e-artistas-de-teatro-de-animacao-2\/\" target=\"_blank\" rel=\"noreferrer noopener\"><span class=\"has-inline-color has-vivid-red-color\">Mas clicando AQUI a p\u00e1gina fica muito mais bonita!<\/span><\/a><\/p>\n\n\n\n<div style=\"font-size:16px;--tainacan-base-font-size:16px;--tainacan-background-color:#ffffff;--tainacan-filter-menu-width-theme:20%;--tainacan-input-color:#1d1d1d;--tainacan-input-background-color:#ffffff;--tainacan-input-border-color:#dbdbdb;--tainacan-label-color:#454647;--tainacan-info-color:#555758;--tainacan-heading-color:#000000;--tainacan-skeleton-color:#eeeeee;--tainacan-item-background-color:#ffffff;--tainacan-item-hover-background-color:#f2f2f2;--tainacan-item-heading-hover-background-color:#dbdbdb;--tainacan-primary:#d9eced;--tainacan-secondary:#298596\" class=\"wp-block-tainacan-faceted-search\"><main collection-id=\"51035\" default-view-mode=\"table\" enabled-view-modes=\"table,cards,masonry,slideshow,mosaic\" hide-filters=\"false\" hide-hide-filters-button=\"false\" hide-search=\"false\" hide-advanced-search=\"false\" hide-displayed-metadata-button=\"false\" hide-pagination-area=\"false\" hide-sorting-area=\"false\" hide-items-thumbnail=\"false\" hide-sort-by-button=\"false\" hide-exposers-button=\"false\" hide-items-per-page-button=\"false\" default-items-per-page=\"96\" hide-go-to-page-button=\"false\" show-filters-button-inside-search-control=\"false\" start-with-filters-hidden=\"false\" filters-as-modal=\"false\" show-inline-view-mode-options=\"false\" show-fullscreen-with-view-modes=\"false\" id=\"tainacan-items-page\"><\/main><\/div>\n","protected":false},"excerpt":{"rendered":"<p>Esta cole\u00e7\u00e3o re\u00fane materiais gr\u00e1ficos de Grupos, Cias., Coletivos e Artistas ligados ao Teatro de Anima\u00e7\u00e3o que o Grupo Sobrevento mant\u00e9m em um arquivo f\u00edsico. Clicando em uma imagem, vc descobre tudo sobre um item, nos m\u00ednimos detalhes.Voc\u00ea pode fazer buscas detalhadas na coluna da esquerda.E pode descobrir, na barra abaixo, modos surpreendentes de visualiza\u00e7\u00e3o.Mas [&hellip;]<\/p>\n","protected":false},"author":1,"featured_media":21174,"parent":0,"menu_order":0,"comment_status":"closed","ping_status":"closed","template":"template-fullwidth.php","meta":{"footnotes":""},"class_list":["post-51032","page","type-page","status-publish","has-post-thumbnail","hentry"],"_links":{"self":[{"href":"https:\/\/batelada.com\/index.php\/wp-json\/wp\/v2\/pages\/51032","targetHints":{"allow":["GET"]}}],"collection":[{"href":"https:\/\/batelada.com\/index.php\/wp-json\/wp\/v2\/pages"}],"about":[{"href":"https:\/\/batelada.com\/index.php\/wp-json\/wp\/v2\/types\/page"}],"author":[{"embeddable":true,"href":"https:\/\/batelada.com\/index.php\/wp-json\/wp\/v2\/users\/1"}],"replies":[{"embeddable":true,"href":"https:\/\/batelada.com\/index.php\/wp-json\/wp\/v2\/comments?post=51032"}],"version-history":[{"count":10,"href":"https:\/\/batelada.com\/index.php\/wp-json\/wp\/v2\/pages\/51032\/revisions"}],"predecessor-version":[{"id":310535,"href":"https:\/\/batelada.com\/index.php\/wp-json\/wp\/v2\/pages\/51032\/revisions\/310535"}],"wp:featuredmedia":[{"embeddable":true,"href":"https:\/\/batelada.com\/index.php\/wp-json\/wp\/v2\/media\/21174"}],"wp:attachment":[{"href":"https:\/\/batelada.com\/index.php\/wp-json\/wp\/v2\/media?parent=51032"}],"curies":[{"name":"wp","href":"https:\/\/api.w.org\/{rel}","templated":true}]}}