{"id":52775,"date":"2021-03-09T02:49:37","date_gmt":"2021-03-09T02:49:37","guid":{"rendered":"http:\/\/batelada.com\/?page_id=52775"},"modified":"2021-05-24T15:30:49","modified_gmt":"2021-05-24T15:30:49","slug":"acervo-documental","status":"publish","type":"page","link":"https:\/\/batelada.com\/index.php\/acervo-documental\/","title":{"rendered":"Acervo Documental"},"content":{"rendered":"\n<p class=\"has-text-align-center has-medium-font-size\">Aqui voc\u00ea encontra <em>links<\/em> para as Cole\u00e7\u00f5es de Documentos que formam o Acervo Documental do Grupo Sobrevento.<\/p>\n\n\n\n<div class=\"wp-block-group\"><div class=\"wp-block-group__inner-container is-layout-flow wp-block-group-is-layout-flow\">\n<div class=\"wp-block-columns is-layout-flex wp-container-core-columns-is-layout-28f84493 wp-block-columns-is-layout-flex\">\n<div class=\"wp-block-column is-layout-flow wp-block-column-is-layout-flow\" style=\"flex-basis:50%\">\n<div class=\"wp-block-columns is-layout-flex wp-container-core-columns-is-layout-28f84493 wp-block-columns-is-layout-flex\">\n<div class=\"wp-block-column is-vertically-aligned-top is-layout-flow wp-block-column-is-layout-flow\" style=\"flex-basis:100%\">\n<div class=\"wp-block-columns is-layout-flex wp-container-core-columns-is-layout-28f84493 wp-block-columns-is-layout-flex\">\n<div class=\"wp-block-column is-layout-flow wp-block-column-is-layout-flow\">\n<div class=\"wp-block-image is-style-rounded\"><figure class=\"aligncenter size-large is-resized\"><a href=\"https:\/\/batelada.com\/index.php\/biblioteca-sobrevento\/\"><img decoding=\"async\" data-src=\"https:\/\/batelada.com\/wp-content\/uploads\/2021\/01\/bibl3-28012021-1024x768.jpeg\" alt=\"\" class=\"wp-image-19353 lazyload\" width=\"171\" height=\"171\" data-srcset=\"https:\/\/batelada.com\/wp-content\/uploads\/2021\/01\/bibl3-28012021-150x150.jpeg 150w, https:\/\/batelada.com\/wp-content\/uploads\/2021\/01\/bibl3-28012021-40x40.jpeg 40w, https:\/\/batelada.com\/wp-content\/uploads\/2021\/01\/bibl3-28012021-275x275.jpeg 275w, https:\/\/batelada.com\/wp-content\/uploads\/2021\/01\/bibl3-28012021-500x500.jpeg 500w\" data-sizes=\"(max-width: 171px) 100vw, 171px\" src=\"data:image\/svg+xml;base64,PHN2ZyB3aWR0aD0iMSIgaGVpZ2h0PSIxIiB4bWxucz0iaHR0cDovL3d3dy53My5vcmcvMjAwMC9zdmciPjwvc3ZnPg==\" style=\"--smush-placeholder-width: 171px; --smush-placeholder-aspect-ratio: 171\/171;\" \/><\/a><figcaption><a href=\"https:\/\/batelada.com\/index.php\/biblioteca-sobrevento\/\">Livros e Peri\u00f3dicos<\/a><\/figcaption><\/figure><\/div>\n<\/div>\n\n\n\n<div class=\"wp-block-column is-layout-flow wp-block-column-is-layout-flow\">\n<div class=\"wp-block-image is-style-rounded\"><figure class=\"aligncenter size-large is-resized\"><a href=\"https:\/\/batelada.com\/index.php\/instituicoes-de-teatro-de-animacao\/\"><img decoding=\"async\" data-src=\"https:\/\/batelada.com\/wp-content\/uploads\/2021\/03\/cropped-soh-cadeira.jpg\" alt=\"\" class=\"wp-image-49757 lazyload\" width=\"171\" height=\"171\" data-srcset=\"https:\/\/batelada.com\/wp-content\/uploads\/2021\/03\/cropped-soh-cadeira.jpg 349w, https:\/\/batelada.com\/wp-content\/uploads\/2021\/03\/cropped-soh-cadeira-150x150.jpg 150w, https:\/\/batelada.com\/wp-content\/uploads\/2021\/03\/cropped-soh-cadeira-40x40.jpg 40w, https:\/\/batelada.com\/wp-content\/uploads\/2021\/03\/cropped-soh-cadeira-275x275.jpg 275w\" data-sizes=\"(max-width: 171px) 100vw, 171px\" src=\"data:image\/svg+xml;base64,PHN2ZyB3aWR0aD0iMSIgaGVpZ2h0PSIxIiB4bWxucz0iaHR0cDovL3d3dy53My5vcmcvMjAwMC9zdmciPjwvc3ZnPg==\" style=\"--smush-placeholder-width: 171px; --smush-placeholder-aspect-ratio: 171\/171;\" \/><\/a><figcaption><a href=\"https:\/\/batelada.com\/index.php\/instituicoes-de-teatro-de-animacao\/\">Institui\u00e7\u00f5es<\/a><\/figcaption><\/figure><\/div>\n<\/div>\n\n\n\n<div class=\"wp-block-column is-layout-flow wp-block-column-is-layout-flow\">\n<div class=\"wp-block-image is-style-rounded\"><figure class=\"aligncenter size-large is-resized\"><a href=\"https:\/\/batelada.com\/index.php\/eventos-de-teatro-de-animacao-2\/\" target=\"_blank\" rel=\"noopener\"><img decoding=\"async\" data-src=\"https:\/\/batelada.com\/wp-content\/uploads\/2021\/02\/cropped-f58a5325-2439-4b1f-9a58-da52f56e3687-1-1.jpg\" alt=\"\" class=\"wp-image-46481 lazyload\" width=\"171\" height=\"171\" data-srcset=\"https:\/\/batelada.com\/wp-content\/uploads\/2021\/02\/cropped-f58a5325-2439-4b1f-9a58-da52f56e3687-1-1.jpg 853w, https:\/\/batelada.com\/wp-content\/uploads\/2021\/02\/cropped-f58a5325-2439-4b1f-9a58-da52f56e3687-1-1-300x300.jpg 300w, https:\/\/batelada.com\/wp-content\/uploads\/2021\/02\/cropped-f58a5325-2439-4b1f-9a58-da52f56e3687-1-1-150x150.jpg 150w, https:\/\/batelada.com\/wp-content\/uploads\/2021\/02\/cropped-f58a5325-2439-4b1f-9a58-da52f56e3687-1-1-768x768.jpg 768w, https:\/\/batelada.com\/wp-content\/uploads\/2021\/02\/cropped-f58a5325-2439-4b1f-9a58-da52f56e3687-1-1-40x40.jpg 40w, https:\/\/batelada.com\/wp-content\/uploads\/2021\/02\/cropped-f58a5325-2439-4b1f-9a58-da52f56e3687-1-1-275x275.jpg 275w, https:\/\/batelada.com\/wp-content\/uploads\/2021\/02\/cropped-f58a5325-2439-4b1f-9a58-da52f56e3687-1-1-205x205.jpg 205w, https:\/\/batelada.com\/wp-content\/uploads\/2021\/02\/cropped-f58a5325-2439-4b1f-9a58-da52f56e3687-1-1-500x500.jpg 500w\" data-sizes=\"(max-width: 171px) 100vw, 171px\" src=\"data:image\/svg+xml;base64,PHN2ZyB3aWR0aD0iMSIgaGVpZ2h0PSIxIiB4bWxucz0iaHR0cDovL3d3dy53My5vcmcvMjAwMC9zdmciPjwvc3ZnPg==\" style=\"--smush-placeholder-width: 171px; --smush-placeholder-aspect-ratio: 171\/171;\" \/><\/a><figcaption><a href=\"https:\/\/batelada.com\/index.php\/eventos-de-teatro-de-animacao-2\/\" target=\"_blank\" rel=\"noreferrer noopener\">Festivais e Eventos<\/a><\/figcaption><\/figure><\/div>\n<\/div>\n<\/div>\n<\/div>\n<\/div>\n<\/div>\n\n\n\n<div class=\"wp-block-column is-layout-flow wp-block-column-is-layout-flow\" style=\"flex-basis:50%\">\n<div class=\"wp-block-columns is-layout-flex wp-container-core-columns-is-layout-28f84493 wp-block-columns-is-layout-flex\">\n<div class=\"wp-block-column is-layout-flow wp-block-column-is-layout-flow\">\n<div class=\"wp-block-image is-style-rounded\"><figure class=\"aligncenter size-large is-resized\"><a href=\"https:\/\/batelada.com\/index.php\/grupos-e-artistas-de-teatro-de-animacao-2\/\" target=\"_blank\" rel=\"noopener\"><img decoding=\"async\" data-src=\"https:\/\/batelada.com\/wp-content\/uploads\/2021\/03\/cropped-cabfoto15-scaled-1-1024x1024.jpg\" alt=\"\" class=\"wp-image-51038 lazyload\" width=\"171\" height=\"171\" data-srcset=\"https:\/\/batelada.com\/wp-content\/uploads\/2021\/03\/cropped-cabfoto15-scaled-1-1024x1024.jpg 1024w, https:\/\/batelada.com\/wp-content\/uploads\/2021\/03\/cropped-cabfoto15-scaled-1-300x300.jpg 300w, https:\/\/batelada.com\/wp-content\/uploads\/2021\/03\/cropped-cabfoto15-scaled-1-150x150.jpg 150w, https:\/\/batelada.com\/wp-content\/uploads\/2021\/03\/cropped-cabfoto15-scaled-1-768x768.jpg 768w, https:\/\/batelada.com\/wp-content\/uploads\/2021\/03\/cropped-cabfoto15-scaled-1-1536x1536.jpg 1536w, https:\/\/batelada.com\/wp-content\/uploads\/2021\/03\/cropped-cabfoto15-scaled-1-40x40.jpg 40w, https:\/\/batelada.com\/wp-content\/uploads\/2021\/03\/cropped-cabfoto15-scaled-1-275x275.jpg 275w, https:\/\/batelada.com\/wp-content\/uploads\/2021\/03\/cropped-cabfoto15-scaled-1-205x205.jpg 205w, https:\/\/batelada.com\/wp-content\/uploads\/2021\/03\/cropped-cabfoto15-scaled-1-500x500.jpg 500w, https:\/\/batelada.com\/wp-content\/uploads\/2021\/03\/cropped-cabfoto15-scaled-1.jpg 1714w\" data-sizes=\"(max-width: 171px) 100vw, 171px\" src=\"data:image\/svg+xml;base64,PHN2ZyB3aWR0aD0iMSIgaGVpZ2h0PSIxIiB4bWxucz0iaHR0cDovL3d3dy53My5vcmcvMjAwMC9zdmciPjwvc3ZnPg==\" style=\"--smush-placeholder-width: 171px; --smush-placeholder-aspect-ratio: 171\/171;\" \/><\/a><figcaption><a href=\"https:\/\/batelada.com\/index.php\/grupos-e-artistas-de-teatro-de-animacao-2\/\" target=\"_blank\" rel=\"noreferrer noopener\">Grupos e Artistas<\/a><\/figcaption><\/figure><\/div>\n<\/div>\n\n\n\n<div class=\"wp-block-column is-layout-flow wp-block-column-is-layout-flow\">\n<div class=\"wp-block-image is-style-rounded\"><figure class=\"aligncenter size-thumbnail is-resized\"><a href=\"https:\/\/batelada.com\/index.php\/videos-3\/\" target=\"_blank\" rel=\"noopener\"><img decoding=\"async\" data-src=\"https:\/\/batelada.com\/wp-content\/uploads\/2021\/03\/A-terra-Luiz-Andre-Cherubini-150x150.jpg\" alt=\"\" class=\"wp-image-52800 lazyload\" width=\"171\" height=\"171\" data-srcset=\"https:\/\/batelada.com\/wp-content\/uploads\/2021\/03\/A-terra-Luiz-Andre-Cherubini-150x150.jpg 150w, https:\/\/batelada.com\/wp-content\/uploads\/2021\/03\/A-terra-Luiz-Andre-Cherubini-40x40.jpg 40w, https:\/\/batelada.com\/wp-content\/uploads\/2021\/03\/A-terra-Luiz-Andre-Cherubini-275x275.jpg 275w\" data-sizes=\"(max-width: 171px) 100vw, 171px\" src=\"data:image\/svg+xml;base64,PHN2ZyB3aWR0aD0iMSIgaGVpZ2h0PSIxIiB4bWxucz0iaHR0cDovL3d3dy53My5vcmcvMjAwMC9zdmciPjwvc3ZnPg==\" style=\"--smush-placeholder-width: 171px; --smush-placeholder-aspect-ratio: 171\/171;\" \/><\/a><figcaption><a href=\"https:\/\/batelada.com\/index.php\/videos-3\/\" target=\"_blank\" rel=\"noreferrer noopener\">V\u00eddeos<\/a><\/figcaption><\/figure><\/div>\n<\/div>\n\n\n\n<div class=\"wp-block-column is-layout-flow wp-block-column-is-layout-flow\"><\/div>\n<\/div>\n<\/div>\n<\/div>\n\n\n\n<p><\/p>\n<\/div><\/div>\n","protected":false},"excerpt":{"rendered":"<p>Aqui voc\u00ea encontra links para as Cole\u00e7\u00f5es de Documentos que formam o Acervo Documental do Grupo Sobrevento.<\/p>\n","protected":false},"author":1,"featured_media":21174,"parent":0,"menu_order":0,"comment_status":"closed","ping_status":"closed","template":"template-fullwidth.php","meta":{"footnotes":""},"class_list":["post-52775","page","type-page","status-publish","has-post-thumbnail","hentry"],"_links":{"self":[{"href":"https:\/\/batelada.com\/index.php\/wp-json\/wp\/v2\/pages\/52775","targetHints":{"allow":["GET"]}}],"collection":[{"href":"https:\/\/batelada.com\/index.php\/wp-json\/wp\/v2\/pages"}],"about":[{"href":"https:\/\/batelada.com\/index.php\/wp-json\/wp\/v2\/types\/page"}],"author":[{"embeddable":true,"href":"https:\/\/batelada.com\/index.php\/wp-json\/wp\/v2\/users\/1"}],"replies":[{"embeddable":true,"href":"https:\/\/batelada.com\/index.php\/wp-json\/wp\/v2\/comments?post=52775"}],"version-history":[{"count":23,"href":"https:\/\/batelada.com\/index.php\/wp-json\/wp\/v2\/pages\/52775\/revisions"}],"predecessor-version":[{"id":310547,"href":"https:\/\/batelada.com\/index.php\/wp-json\/wp\/v2\/pages\/52775\/revisions\/310547"}],"wp:featuredmedia":[{"embeddable":true,"href":"https:\/\/batelada.com\/index.php\/wp-json\/wp\/v2\/media\/21174"}],"wp:attachment":[{"href":"https:\/\/batelada.com\/index.php\/wp-json\/wp\/v2\/media?parent=52775"}],"curies":[{"name":"wp","href":"https:\/\/api.w.org\/{rel}","templated":true}]}}