{"id":70953,"date":"2021-03-15T18:23:51","date_gmt":"2021-03-15T18:23:51","guid":{"rendered":"http:\/\/batelada.com\/?page_id=70953"},"modified":"2021-05-24T15:22:24","modified_gmt":"2021-05-24T15:22:24","slug":"videos-2","status":"publish","type":"page","link":"https:\/\/batelada.com\/index.php\/videos-2\/","title":{"rendered":"V\u00eddeos"},"content":{"rendered":"\n<p class=\"has-text-align-center has-medium-font-size\">Videos em suporte f\u00edsico mantidos e digitalizados pelo Sobrevento.<\/p>\n\n\n\n<p class=\"has-text-align-center\">Clicando em uma imagem, vc descobre tudo sobre um item, nos m\u00ednimos detalhes.<br>Voc\u00ea pode fazer buscas detalhadas na coluna da esquerda.<br>E pode descobrir, na barra abaixo, modos surpreendentes de visualiza\u00e7\u00e3o.<br><a href=\"https:\/\/batelada.com\/index.php\/videos\/\" target=\"_blank\" rel=\"noreferrer noopener\"><span class=\"has-inline-color has-vivid-red-color\">Mas clicando AQUI a p\u00e1gina fica muito mais bonita!<\/span><\/a><\/p>\n\n\n\n<div style=\"font-size:16px;--tainacan-base-font-size:16px;--tainacan-background-color:#ffffff;--tainacan-filter-menu-width-theme:20%;--tainacan-input-color:#1d1d1d;--tainacan-input-background-color:#ffffff;--tainacan-input-border-color:#dbdbdb;--tainacan-label-color:#454647;--tainacan-info-color:#555758;--tainacan-heading-color:#000000;--tainacan-skeleton-color:#eeeeee;--tainacan-item-background-color:#ffffff;--tainacan-item-hover-background-color:#f2f2f2;--tainacan-item-heading-hover-background-color:#dbdbdb;--tainacan-primary:#d9eced;--tainacan-secondary:#298596\" class=\"wp-block-tainacan-faceted-search\"><main collection-id=\"69678\" default-view-mode=\"table\" enabled-view-modes=\"table,cards,masonry,slideshow,mosaic\" hide-filters=\"false\" hide-hide-filters-button=\"false\" hide-search=\"false\" hide-advanced-search=\"false\" hide-displayed-metadata-button=\"false\" hide-pagination-area=\"false\" hide-sorting-area=\"false\" hide-items-thumbnail=\"false\" hide-sort-by-button=\"false\" hide-exposers-button=\"false\" hide-items-per-page-button=\"false\" default-items-per-page=\"96\" hide-go-to-page-button=\"false\" show-filters-button-inside-search-control=\"false\" start-with-filters-hidden=\"false\" filters-as-modal=\"false\" show-inline-view-mode-options=\"false\" show-fullscreen-with-view-modes=\"false\" id=\"tainacan-items-page\"><\/main><\/div>\n","protected":false},"excerpt":{"rendered":"<p>Videos em suporte f\u00edsico mantidos e digitalizados pelo Sobrevento. Clicando em uma imagem, vc descobre tudo sobre um item, nos m\u00ednimos detalhes.Voc\u00ea pode fazer buscas detalhadas na coluna da esquerda.E pode descobrir, na barra abaixo, modos surpreendentes de visualiza\u00e7\u00e3o.Mas clicando AQUI a p\u00e1gina fica muito mais bonita!<\/p>\n","protected":false},"author":1,"featured_media":21174,"parent":0,"menu_order":0,"comment_status":"closed","ping_status":"closed","template":"template-fullwidth.php","meta":{"footnotes":""},"class_list":["post-70953","page","type-page","status-publish","has-post-thumbnail","hentry"],"_links":{"self":[{"href":"https:\/\/batelada.com\/index.php\/wp-json\/wp\/v2\/pages\/70953","targetHints":{"allow":["GET"]}}],"collection":[{"href":"https:\/\/batelada.com\/index.php\/wp-json\/wp\/v2\/pages"}],"about":[{"href":"https:\/\/batelada.com\/index.php\/wp-json\/wp\/v2\/types\/page"}],"author":[{"embeddable":true,"href":"https:\/\/batelada.com\/index.php\/wp-json\/wp\/v2\/users\/1"}],"replies":[{"embeddable":true,"href":"https:\/\/batelada.com\/index.php\/wp-json\/wp\/v2\/comments?post=70953"}],"version-history":[{"count":6,"href":"https:\/\/batelada.com\/index.php\/wp-json\/wp\/v2\/pages\/70953\/revisions"}],"predecessor-version":[{"id":310542,"href":"https:\/\/batelada.com\/index.php\/wp-json\/wp\/v2\/pages\/70953\/revisions\/310542"}],"wp:featuredmedia":[{"embeddable":true,"href":"https:\/\/batelada.com\/index.php\/wp-json\/wp\/v2\/media\/21174"}],"wp:attachment":[{"href":"https:\/\/batelada.com\/index.php\/wp-json\/wp\/v2\/media?parent=70953"}],"curies":[{"name":"wp","href":"https:\/\/api.w.org\/{rel}","templated":true}]}}